{"id":1624,"date":"2025-03-17T15:01:55","date_gmt":"2025-03-17T08:01:55","guid":{"rendered":"https:\/\/sieuthivan.vn\/?post_type=product&#038;p=1624"},"modified":"2025-03-19T16:36:29","modified_gmt":"2025-03-19T09:36:29","slug":"tram-bom-nuoc-ngung-acop","status":"publish","type":"product","link":"https:\/\/sieuthivan.vn\/en\/product\/tram-bom-nuoc-ngung-acop\/","title":{"rendered":"Tr\u1ea1m B\u01a1m N\u01b0\u1edbc Ng\u01b0ng ACOP"},"content":{"rendered":"<p><strong>Tr\u1ea1m b\u01a1m n\u01b0\u1edbc ng\u01b0ng ACOP Ayvaz<\/strong><br \/>\nL\u00e0 m\u1ed9t ph\u1ea7n quan tr\u1ecdng trong h\u1ec7 th\u1ed1ng thu h\u1ed3i n\u01b0\u1edbc ng\u01b0ng. \u0110\u01b0\u1ee3c s\u1eed d\u1ee5ng \u0111\u1ec3 thu th\u1eadp n\u01b0\u1edbc ng\u01b0ng v\u00e0 b\u01a1m n\u00f3 b\u1eb1ng h\u01a1i n\u01b0\u1edbc l\u00e0 n\u01b0\u1edbc c\u1ea5p. Tr\u1ea1m b\u01a1m n\u01b0\u1edbc ng\u01b0ng c\u00f3 th\u1ec3 ho\u1ea1t \u0111\u1ed9ng v\u1edbi kh\u00ed n\u00e9n, kh\u00ed n\u00e9n v\u00e0 h\u01a1i n\u01b0\u1edbc. Trong c\u00e1c t\u00ecnh hu\u1ed1ng c\u00f3 nhi\u1ec1u n\u01b0\u1edbc ng\u01b0ng, n\u00f3 c\u00f3 th\u1ec3 s\u1eed d\u1ee5ng v\u1edbi c\u00e1ch k\u1ebft n\u1ed1i k\u00e9p ho\u1eb7c ba l\u1ed1i.<\/p>\n<p><script src=\"chrome-extension:\/\/fpelahbljekknahkcaegamhcndkfpfnc\/iFrame.js\" type=\"text\/javascript\"><\/script><\/p>\n<p><script src=\"chrome-extension:\/\/fpelahbljekknahkcaegamhcndkfpfnc\/iFrame.js\" type=\"text\/javascript\"><\/script><\/p>","protected":false},"excerpt":{"rendered":"<p>&nbsp;<\/p>\n<p><script src=\"chrome-extension:\/\/fpelahbljekknahkcaegamhcndkfpfnc\/iFrame.js\" type=\"text\/javascript\"><\/script><\/p>","protected":false},"featured_media":1625,"comment_status":"open","ping_status":"closed","template":"","meta":{"_acf_changed":false,"inline_featured_image":false},"thuong-hieu":[81],"product_brand":[],"product_cat":[41],"product_tag":[359],"class_list":{"0":"post-1624","1":"product","2":"type-product","3":"status-publish","4":"has-post-thumbnail","6":"thuong-hieu-ayvaz","7":"product_cat-thiet-bi-dac-biet","8":"product_tag-tram-bom-nuoc-ngung-acop","10":"first","11":"instock","12":"shipping-taxable","13":"product-type-simple"},"acf":[],"_links":{"self":[{"href":"https:\/\/sieuthivan.vn\/en\/wp-json\/wp\/v2\/product\/1624","targetHints":{"allow":["GET"]}}],"collection":[{"href":"https:\/\/sieuthivan.vn\/en\/wp-json\/wp\/v2\/product"}],"about":[{"href":"https:\/\/sieuthivan.vn\/en\/wp-json\/wp\/v2\/types\/product"}],"replies":[{"embeddable":true,"href":"https:\/\/sieuthivan.vn\/en\/wp-json\/wp\/v2\/comments?post=1624"}],"wp:featuredmedia":[{"embeddable":true,"href":"https:\/\/sieuthivan.vn\/en\/wp-json\/wp\/v2\/media\/1625"}],"wp:attachment":[{"href":"https:\/\/sieuthivan.vn\/en\/wp-json\/wp\/v2\/media?parent=1624"}],"wp:term":[{"taxonomy":"thuong-hieu","embeddable":true,"href":"https:\/\/sieuthivan.vn\/en\/wp-json\/wp\/v2\/thuong-hieu?post=1624"},{"taxonomy":"product_brand","embeddable":true,"href":"https:\/\/sieuthivan.vn\/en\/wp-json\/wp\/v2\/product_brand?post=1624"},{"taxonomy":"product_cat","embeddable":true,"href":"https:\/\/sieuthivan.vn\/en\/wp-json\/wp\/v2\/product_cat?post=1624"},{"taxonomy":"product_tag","embeddable":true,"href":"https:\/\/sieuthivan.vn\/en\/wp-json\/wp\/v2\/product_tag?post=1624"}],"curies":[{"name":"wp","href":"https:\/\/api.w.org\/{rel}","templated":true}]}}