{"id":1535,"date":"2025-03-17T11:16:19","date_gmt":"2025-03-17T04:16:19","guid":{"rendered":"https:\/\/sieuthivan.vn\/?post_type=product&#038;p=1535"},"modified":"2025-03-17T11:16:57","modified_gmt":"2025-03-17T04:16:57","slug":"boc-bao-on-van","status":"publish","type":"product","link":"https:\/\/sieuthivan.vn\/en\/product\/boc-bao-on-van\/","title":{"rendered":"Valve Insulation"},"content":{"rendered":"<p><strong>\u1ee8ng d\u1ee5ng c\u00e1c ng\u00e0nh:<\/strong><br \/>\nNh\u00e0 m\u00e1y l\u1ecdc d\u1ea7u v\u00e0 x\u1eed l\u00fd kh\u00ed<br \/>\nNh\u00e0 m\u00e1y h\u00f3a d\u1ea7u<br \/>\nNh\u00e0 m\u00e1y \u0111i\u1ec7n<br \/>\nNh\u00e0 m\u00e1y th\u1ef1c ph\u1ea9m<br \/>\nNg\u00e0nh d\u1ec7t may<br \/>\nNh\u00e0 m\u00e1y d\u01b0\u1ee3c ph\u1ea9m<\/p>\n<p><script src=\"chrome-extension:\/\/fpelahbljekknahkcaegamhcndkfpfnc\/iFrame.js\" type=\"text\/javascript\"><\/script><\/p>\n<p><script src=\"chrome-extension:\/\/fpelahbljekknahkcaegamhcndkfpfnc\/iFrame.js\" type=\"text\/javascript\"><\/script><\/p>","protected":false},"excerpt":{"rendered":"<p>&nbsp;<\/p>\n<p><script src=\"chrome-extension:\/\/fpelahbljekknahkcaegamhcndkfpfnc\/iFrame.js\" type=\"text\/javascript\"><\/script><\/p>\n<p><script src=\"chrome-extension:\/\/fpelahbljekknahkcaegamhcndkfpfnc\/iFrame.js\" type=\"text\/javascript\"><\/script><\/p>","protected":false},"featured_media":1536,"comment_status":"open","ping_status":"closed","template":"","meta":{"_acf_changed":false,"inline_featured_image":false},"thuong-hieu":[81],"product_brand":[],"product_cat":[61,62],"product_tag":[317],"class_list":{"0":"post-1535","1":"product","2":"type-product","3":"status-publish","4":"has-post-thumbnail","6":"thuong-hieu-ayvaz","7":"product_cat-bao-on","8":"product_cat-boc-bao-on-van","9":"product_tag-boc-bao-on-van","11":"first","12":"instock","13":"shipping-taxable","14":"product-type-simple"},"acf":[],"_links":{"self":[{"href":"https:\/\/sieuthivan.vn\/en\/wp-json\/wp\/v2\/product\/1535","targetHints":{"allow":["GET"]}}],"collection":[{"href":"https:\/\/sieuthivan.vn\/en\/wp-json\/wp\/v2\/product"}],"about":[{"href":"https:\/\/sieuthivan.vn\/en\/wp-json\/wp\/v2\/types\/product"}],"replies":[{"embeddable":true,"href":"https:\/\/sieuthivan.vn\/en\/wp-json\/wp\/v2\/comments?post=1535"}],"wp:featuredmedia":[{"embeddable":true,"href":"https:\/\/sieuthivan.vn\/en\/wp-json\/wp\/v2\/media\/1536"}],"wp:attachment":[{"href":"https:\/\/sieuthivan.vn\/en\/wp-json\/wp\/v2\/media?parent=1535"}],"wp:term":[{"taxonomy":"thuong-hieu","embeddable":true,"href":"https:\/\/sieuthivan.vn\/en\/wp-json\/wp\/v2\/thuong-hieu?post=1535"},{"taxonomy":"product_brand","embeddable":true,"href":"https:\/\/sieuthivan.vn\/en\/wp-json\/wp\/v2\/product_brand?post=1535"},{"taxonomy":"product_cat","embeddable":true,"href":"https:\/\/sieuthivan.vn\/en\/wp-json\/wp\/v2\/product_cat?post=1535"},{"taxonomy":"product_tag","embeddable":true,"href":"https:\/\/sieuthivan.vn\/en\/wp-json\/wp\/v2\/product_tag?post=1535"}],"curies":[{"name":"wp","href":"https:\/\/api.w.org\/{rel}","templated":true}]}}