{"id":1530,"date":"2025-03-17T11:05:33","date_gmt":"2025-03-17T04:05:33","guid":{"rendered":"https:\/\/sieuthivan.vn\/?post_type=product&#038;p=1530"},"modified":"2025-08-06T15:03:35","modified_gmt":"2025-08-06T08:03:35","slug":"dong-ho-dang-vortex-metertalk-singapore","status":"publish","type":"product","link":"https:\/\/sieuthivan.vn\/en\/product\/dong-ho-dang-vortex-metertalk-singapore\/","title":{"rendered":"\u0110\u1ed3ng H\u1ed3 D\u1ea1ng Vortex Metertalk Singapore"},"content":{"rendered":"<p>Model: LUGB<br \/>\nK\u1ebft n\u1ed1i: Water\/ B\u00edch<br \/>\n\u0110\u1ed9 ch\u00ednh x\u00e1c \u00b1 1,5%; \u00b11,0%<br \/>\nHi\u1ec3n th\u1ecb: M\u1eb7t g\u1eafn li\u1ec1n v\u1edbi \u0111\u1ed3ng h\u1ed3<br \/>\nNgu\u1ed3n c\u1ea5p: 24VDC<br \/>\nT\u00edn hi\u1ec7u \u0111\u1ea7u ra: 4-20mA, pulse, RS485<br \/>\nNhi\u1ec7t \u0111\u1ed9 l\u00e0m vi\u1ec7c: -40\u2103 ~ +300\u2103<br \/>\nT\u00edch h\u1ee3p b\u00f9 \u00e1p v\u00e0 b\u00f9 nhi\u1ec7t<br \/>\nCh\u1ea5t li\u1ec7u th\u00e2n SS304<br \/>\nL: DN15-DN300<br \/>\nXu\u1ea5t x\u1ee9: Metertalk, Singapore<\/p>\n<p>&nbsp;<\/p>","protected":false},"excerpt":{"rendered":"<p>Model: LUGB<br \/>\nK\u1ebft n\u1ed1i: Water\/ B\u00edch<br \/>\n\u0110\u1ed9 ch\u00ednh x\u00e1c \u00b1 1,5%; \u00b11,0%<br \/>\nHi\u1ec3n th\u1ecb: M\u1eb7t g\u1eafn li\u1ec1n v\u1edbi \u0111\u1ed3ng h\u1ed3<br \/>\nNgu\u1ed3n c\u1ea5p: 24VDC<br \/>\nT\u00edn hi\u1ec7u \u0111\u1ea7u ra: 4-20mA, pulse, RS485<br \/>\nNhi\u1ec7t \u0111\u1ed9 l\u00e0m vi\u1ec7c: -40\u2103 ~ +300\u2103<br \/>\nT\u00edch h\u1ee3p b\u00f9 \u00e1p v\u00e0 b\u00f9 nhi\u1ec7t<br \/>\nCh\u1ea5t li\u1ec7u th\u00e2n SS304<br \/>\nL: DN15-DN300<br \/>\nXu\u1ea5t x\u1ee9: Metertalk, Singapore<\/p>\n<p>&nbsp;<\/p>\n<p><script src=\"chrome-extension:\/\/fpelahbljekknahkcaegamhcndkfpfnc\/iFrame.js\" type=\"text\/javascript\"><\/script><\/p>\n<p><script src=\"chrome-extension:\/\/fpelahbljekknahkcaegamhcndkfpfnc\/iFrame.js\" type=\"text\/javascript\"><\/script><\/p>\n<p><script src=\"chrome-extension:\/\/fpelahbljekknahkcaegamhcndkfpfnc\/iFrame.js\" type=\"text\/javascript\"><\/script><\/p>","protected":false},"featured_media":1512,"comment_status":"open","ping_status":"closed","template":"","meta":{"_acf_changed":false,"inline_featured_image":false},"thuong-hieu":[91],"product_brand":[],"product_cat":[57,60],"product_tag":[314],"class_list":{"0":"post-1530","1":"product","2":"type-product","3":"status-publish","4":"has-post-thumbnail","6":"thuong-hieu-metertalk","7":"product_cat-dong-ho-do-luu-luong","8":"product_cat-dang-vortex","9":"product_tag-dong-ho-dang-vortex-metertalk-singapore","11":"first","12":"instock","13":"shipping-taxable","14":"product-type-simple"},"acf":[],"_links":{"self":[{"href":"https:\/\/sieuthivan.vn\/en\/wp-json\/wp\/v2\/product\/1530","targetHints":{"allow":["GET"]}}],"collection":[{"href":"https:\/\/sieuthivan.vn\/en\/wp-json\/wp\/v2\/product"}],"about":[{"href":"https:\/\/sieuthivan.vn\/en\/wp-json\/wp\/v2\/types\/product"}],"replies":[{"embeddable":true,"href":"https:\/\/sieuthivan.vn\/en\/wp-json\/wp\/v2\/comments?post=1530"}],"wp:featuredmedia":[{"embeddable":true,"href":"https:\/\/sieuthivan.vn\/en\/wp-json\/wp\/v2\/media\/1512"}],"wp:attachment":[{"href":"https:\/\/sieuthivan.vn\/en\/wp-json\/wp\/v2\/media?parent=1530"}],"wp:term":[{"taxonomy":"thuong-hieu","embeddable":true,"href":"https:\/\/sieuthivan.vn\/en\/wp-json\/wp\/v2\/thuong-hieu?post=1530"},{"taxonomy":"product_brand","embeddable":true,"href":"https:\/\/sieuthivan.vn\/en\/wp-json\/wp\/v2\/product_brand?post=1530"},{"taxonomy":"product_cat","embeddable":true,"href":"https:\/\/sieuthivan.vn\/en\/wp-json\/wp\/v2\/product_cat?post=1530"},{"taxonomy":"product_tag","embeddable":true,"href":"https:\/\/sieuthivan.vn\/en\/wp-json\/wp\/v2\/product_tag?post=1530"}],"curies":[{"name":"wp","href":"https:\/\/api.w.org\/{rel}","templated":true}]}}