{"id":1510,"date":"2025-03-17T10:47:39","date_gmt":"2025-03-17T03:47:39","guid":{"rendered":"https:\/\/sieuthivan.vn\/?post_type=product&#038;p=1510"},"modified":"2025-06-19T15:05:15","modified_gmt":"2025-06-19T08:05:15","slug":"dong-ho-do-luu-luong-dien-tich-thay-doi-metertalk-singapore","status":"publish","type":"product","link":"https:\/\/sieuthivan.vn\/en\/product\/dong-ho-do-luu-luong-dien-tich-thay-doi-metertalk-singapore\/","title":{"rendered":"\u0110\u1ed3ng H\u1ed3 \u0110o L\u01b0u L\u01b0\u1ee3ng Di\u1ec7n T\u00edch Thay \u0110\u1ed5i Metertalk Singapore"},"content":{"rendered":"<p>Ph\u1ea1m vi \u1ee9ng d\u1ee5ng: Kh\u00ed; Ch\u1ea5t l\u1ecfng; H\u01a1i n\u01b0\u1edbc<br \/>\nT\u1ef7 s\u1ed1 \u0111i\u1ec1u ch\u1ec9nh d\u1ea3i \u0111o: 10: 1<br \/>\n\u0110\u1ed9 ch\u00ednh x\u00e1c (Tham kh\u1ea3o \u0111\u1ed9 ch\u00ednh x\u00e1c tr\u00ean b\u1ea3ng t\u00ean)<br \/>\n1,5%;2,0%;2,5%<br \/>\nNhi\u1ec7t \u0111\u1ed9 x\u1eed l\u00fd t\u1ed1i \u0111a<br \/>\nC\u1ea5p \u0111\u1ed9 T1: 150oC<br \/>\nC\u1ea5p \u0111\u1ed9 T2:300oC<br \/>\nC\u1ea5p \u0111\u1ed9 T3:350oC<br \/>\n\u00c1p su\u1ea5t v\u1eadn h\u00e0nh danh ngh\u0129a<br \/>\nDN15\u2026DN50:4.0 Mpa<br \/>\nDN65\u2026DN200:1,6 Mpa<\/p>\n<p><script src=\"chrome-extension:\/\/fpelahbljekknahkcaegamhcndkfpfnc\/iFrame.js\" type=\"text\/javascript\"><\/script><\/p>\n<p><script src=\"chrome-extension:\/\/fpelahbljekknahkcaegamhcndkfpfnc\/iFrame.js\" type=\"text\/javascript\"><\/script><\/p>","protected":false},"excerpt":{"rendered":"<p>Ph\u1ea1m vi \u1ee9ng d\u1ee5ng: Kh\u00ed; Ch\u1ea5t l\u1ecfng; H\u01a1i n\u01b0\u1edbc<br \/>\nT\u1ef7 s\u1ed1 \u0111i\u1ec1u ch\u1ec9nh d\u1ea3i \u0111o: 10: 1<br \/>\n\u0110\u1ed9 ch\u00ednh x\u00e1c (Tham kh\u1ea3o \u0111\u1ed9 ch\u00ednh x\u00e1c tr\u00ean b\u1ea3ng t\u00ean)<br \/>\n1,5%;2,0%;2,5%<br \/>\nNhi\u1ec7t \u0111\u1ed9 x\u1eed l\u00fd t\u1ed1i \u0111a<br \/>\nC\u1ea5p \u0111\u1ed9 T1: 150oC<br \/>\nC\u1ea5p \u0111\u1ed9 T2:300oC<br \/>\nC\u1ea5p \u0111\u1ed9 T3:350oC<\/p>\n<p><script src=\"chrome-extension:\/\/fpelahbljekknahkcaegamhcndkfpfnc\/iFrame.js\" type=\"text\/javascript\"><\/script><\/p>","protected":false},"featured_media":1516,"comment_status":"open","ping_status":"closed","template":"","meta":{"_acf_changed":false,"inline_featured_image":false},"thuong-hieu":[91],"product_brand":[],"product_cat":[57,59],"product_tag":[305],"class_list":{"0":"post-1510","1":"product","2":"type-product","3":"status-publish","4":"has-post-thumbnail","6":"thuong-hieu-metertalk","7":"product_cat-dong-ho-do-luu-luong","8":"product_cat-dang-co","9":"product_tag-dong-ho-do-luu-luong-dien-tich-thay-doi-metertalk-singapore","11":"first","12":"instock","13":"shipping-taxable","14":"product-type-simple"},"acf":[],"_links":{"self":[{"href":"https:\/\/sieuthivan.vn\/en\/wp-json\/wp\/v2\/product\/1510","targetHints":{"allow":["GET"]}}],"collection":[{"href":"https:\/\/sieuthivan.vn\/en\/wp-json\/wp\/v2\/product"}],"about":[{"href":"https:\/\/sieuthivan.vn\/en\/wp-json\/wp\/v2\/types\/product"}],"replies":[{"embeddable":true,"href":"https:\/\/sieuthivan.vn\/en\/wp-json\/wp\/v2\/comments?post=1510"}],"wp:featuredmedia":[{"embeddable":true,"href":"https:\/\/sieuthivan.vn\/en\/wp-json\/wp\/v2\/media\/1516"}],"wp:attachment":[{"href":"https:\/\/sieuthivan.vn\/en\/wp-json\/wp\/v2\/media?parent=1510"}],"wp:term":[{"taxonomy":"thuong-hieu","embeddable":true,"href":"https:\/\/sieuthivan.vn\/en\/wp-json\/wp\/v2\/thuong-hieu?post=1510"},{"taxonomy":"product_brand","embeddable":true,"href":"https:\/\/sieuthivan.vn\/en\/wp-json\/wp\/v2\/product_brand?post=1510"},{"taxonomy":"product_cat","embeddable":true,"href":"https:\/\/sieuthivan.vn\/en\/wp-json\/wp\/v2\/product_cat?post=1510"},{"taxonomy":"product_tag","embeddable":true,"href":"https:\/\/sieuthivan.vn\/en\/wp-json\/wp\/v2\/product_tag?post=1510"}],"curies":[{"name":"wp","href":"https:\/\/api.w.org\/{rel}","templated":true}]}}