{"id":1506,"date":"2025-03-17T10:29:49","date_gmt":"2025-03-17T03:29:49","guid":{"rendered":"https:\/\/sieuthivan.vn\/?post_type=product&#038;p=1506"},"modified":"2025-08-05T14:05:11","modified_gmt":"2025-08-05T07:05:11","slug":"bo-trao-doi-nhiet-phe","status":"publish","type":"product","link":"https:\/\/sieuthivan.vn\/en\/product\/bo-trao-doi-nhiet-phe\/","title":{"rendered":"PHE Heat Exchanger"},"content":{"rendered":"<p>V\u1eadt li\u1ec7u: Th\u00e9p ho\u1eb7c inox<br \/>\nNhi\u1ec7t \u0111\u1ed9: -23oC \u0111\u1ebfn 180oC, Thi\u1ebft k\u1ebf theo \u0111i\u1ec1u ki\u1ec7n l\u00e0m vi\u1ec7c c\u1ee7a t\u1eebng kh\u00e1ch h\u00e0ng<br \/>\n\u00c1p su\u1ea5t: 10, 16, 25 kg\/ cm2<br \/>\nV\u1eadt li\u1ec7u gio\u0103ng l\u00e0m k\u00edn: EPDM, NBR, Silicon\u2026<br \/>\nK\u1ebft n\u1ed1i: M\u1eb7t b\u00edch ren, ren. Theo ti\u00eau chu\u1ea9n y\u00eau c\u1ea7u<br \/>\nK\u00edch th\u01b0\u1edbc: Theo t\u1eebng c\u00f4ng su\u1ea5t trao \u0111\u1ed5i nhi\u1ec7t<br \/>\n\u1ee8ng d\u1ee5ng: HVAC, h\u00e0ng h\u1ea3i, th\u1ef1c ph\u1ea9m, nhi\u1ec7t \u0111i\u1ec7n\u2026<\/p>\n<p>&nbsp;<\/p>","protected":false},"excerpt":{"rendered":"<p>V\u1eadt li\u1ec7u: Th\u00e9p ho\u1eb7c inox<br \/>\nNhi\u1ec7t \u0111\u1ed9: -23oC \u0111\u1ebfn 180oC<br \/>\n\u00c1p su\u1ea5t: 10, 16, 25 kg\/ cm2<br \/>\nV\u1eadt li\u1ec7u gio\u0103ng l\u00e0m k\u00edn: EPDM, NBR, Silicon\u2026<br \/>\nK\u1ebft n\u1ed1i: M\u1eb7t b\u00edch ren, ren. Theo ti\u00eau chu\u1ea9n y\u00eau c\u1ea7u<br \/>\nK\u00edch th\u01b0\u1edbc: Theo t\u1eebng c\u00f4ng su\u1ea5t trao \u0111\u1ed5i nhi\u1ec7t<\/p>","protected":false},"featured_media":1507,"comment_status":"open","ping_status":"closed","template":"","meta":{"_acf_changed":false,"inline_featured_image":false},"thuong-hieu":[81],"product_brand":[],"product_cat":[36,37],"product_tag":[303],"class_list":{"0":"post-1506","1":"product","2":"type-product","3":"status-publish","4":"has-post-thumbnail","6":"thuong-hieu-ayvaz","7":"product_cat-bo-trao-doi-nhiet","8":"product_cat-bo-trao-doi-nhiet-phe","9":"product_tag-bo-trao-doi-nhiet-phe","11":"first","12":"instock","13":"shipping-taxable","14":"product-type-simple"},"acf":[],"_links":{"self":[{"href":"https:\/\/sieuthivan.vn\/en\/wp-json\/wp\/v2\/product\/1506","targetHints":{"allow":["GET"]}}],"collection":[{"href":"https:\/\/sieuthivan.vn\/en\/wp-json\/wp\/v2\/product"}],"about":[{"href":"https:\/\/sieuthivan.vn\/en\/wp-json\/wp\/v2\/types\/product"}],"replies":[{"embeddable":true,"href":"https:\/\/sieuthivan.vn\/en\/wp-json\/wp\/v2\/comments?post=1506"}],"wp:featuredmedia":[{"embeddable":true,"href":"https:\/\/sieuthivan.vn\/en\/wp-json\/wp\/v2\/media\/1507"}],"wp:attachment":[{"href":"https:\/\/sieuthivan.vn\/en\/wp-json\/wp\/v2\/media?parent=1506"}],"wp:term":[{"taxonomy":"thuong-hieu","embeddable":true,"href":"https:\/\/sieuthivan.vn\/en\/wp-json\/wp\/v2\/thuong-hieu?post=1506"},{"taxonomy":"product_brand","embeddable":true,"href":"https:\/\/sieuthivan.vn\/en\/wp-json\/wp\/v2\/product_brand?post=1506"},{"taxonomy":"product_cat","embeddable":true,"href":"https:\/\/sieuthivan.vn\/en\/wp-json\/wp\/v2\/product_cat?post=1506"},{"taxonomy":"product_tag","embeddable":true,"href":"https:\/\/sieuthivan.vn\/en\/wp-json\/wp\/v2\/product_tag?post=1506"}],"curies":[{"name":"wp","href":"https:\/\/api.w.org\/{rel}","templated":true}]}}