{"id":1503,"date":"2025-03-17T10:23:38","date_gmt":"2025-03-17T03:23:38","guid":{"rendered":"https:\/\/sieuthivan.vn\/?post_type=product&#038;p=1503"},"modified":"2025-05-27T10:09:48","modified_gmt":"2025-05-27T03:09:48","slug":"trao-doi-nhiet-dang-ong-vo","status":"publish","type":"product","link":"https:\/\/sieuthivan.vn\/en\/product\/trao-doi-nhiet-dang-ong-vo\/","title":{"rendered":"Shell and Tube Heat Exchanger"},"content":{"rendered":"<p>V\u1eadt li\u1ec7u \u1ed1ng: \u0110\u1ed3ng, \u0111\u1ed3ng \u0111\u00fac, AISI 316, AISI 304, Tita, 254SMO, Hastelloy, th\u00e9p kh\u00f4ng g\u1ec9, nh\u1ef1a,\u2026<br \/>\nV\u1eadt li\u1ec7u v\u1ecf: \u0110\u1ed3ng ho\u1eb7c \u0111\u1ed3ng \u0111\u00fac, th\u00e9p cacbon, nh\u00f4m ho\u1eb7c nh\u00f4m \u0111\u00fac, th\u00e9p kh\u00f4ng g\u1ec9.<br \/>\n\u00c1p ch\u1ecbu l\u00ean \u0111\u1ebfn: 160bar<br \/>\nNhi\u1ec7t ch\u1ecbu l\u00ean \u0111\u1ebfn: 350oC<br \/>\nL\u01b0u l\u01b0\u1ee3ng: dao \u0111\u1ed9ng t\u1eeb 0,1 \u0111\u1ebfn 3.500 m3\/gi\u1edd<br \/>\nX\u1eed l\u00fd nh\u1edbt: l\u00ean \u0111\u1ebfn 1.000.000 cP<br \/>\nKi\u1ec3u k\u1ebft n\u1ed1i: l\u1eafp m\u1eb7t b\u00edch, \u1ed1ng ren, k\u1eb9p \u1ed1ng, r\u1eafc-co<\/p>\n<p>&nbsp;<\/p>","protected":false},"excerpt":{"rendered":"<p>V\u1eadt li\u1ec7u \u1ed1ng: \u0110\u1ed3ng, \u0111\u1ed3ng \u0111\u00fac, AISI 316,&#8230;<br \/>\nV\u1eadt li\u1ec7u v\u1ecf: \u0110\u1ed3ng ho\u1eb7c \u0111\u1ed3ng \u0111\u00fac, th\u00e9p cacbon,&#8230;<br \/>\n\u00c1p ch\u1ecbu l\u00ean \u0111\u1ebfn: 160bar<br \/>\nNhi\u1ec7t ch\u1ecbu l\u00ean \u0111\u1ebfn: 350oC<br \/>\nL\u01b0u l\u01b0\u1ee3ng: dao \u0111\u1ed9ng t\u1eeb 0,1 \u0111\u1ebfn 3.500 m3\/gi\u1edd<br \/>\nX\u1eed l\u00fd nh\u1edbt: l\u00ean \u0111\u1ebfn 1.000.000 cP<br \/>\nKi\u1ec3u k\u1ebft n\u1ed1i: l\u1eafp m\u1eb7t b\u00edch, \u1ed1ng ren, k\u1eb9p \u1ed1ng, r\u1eafc-co<\/p>\n<p>&nbsp;<\/p>","protected":false},"featured_media":1505,"comment_status":"open","ping_status":"closed","template":"","meta":{"_acf_changed":false,"inline_featured_image":false},"thuong-hieu":[],"product_brand":[],"product_cat":[36,38],"product_tag":[302],"class_list":{"0":"post-1503","1":"product","2":"type-product","3":"status-publish","4":"has-post-thumbnail","6":"product_cat-bo-trao-doi-nhiet","7":"product_cat-trao-doi-nhiet-dang-ong-vo","8":"product_tag-trao-doi-nhiet-dang-ong-vo","10":"first","11":"instock","12":"shipping-taxable","13":"product-type-simple"},"acf":[],"_links":{"self":[{"href":"https:\/\/sieuthivan.vn\/en\/wp-json\/wp\/v2\/product\/1503","targetHints":{"allow":["GET"]}}],"collection":[{"href":"https:\/\/sieuthivan.vn\/en\/wp-json\/wp\/v2\/product"}],"about":[{"href":"https:\/\/sieuthivan.vn\/en\/wp-json\/wp\/v2\/types\/product"}],"replies":[{"embeddable":true,"href":"https:\/\/sieuthivan.vn\/en\/wp-json\/wp\/v2\/comments?post=1503"}],"wp:featuredmedia":[{"embeddable":true,"href":"https:\/\/sieuthivan.vn\/en\/wp-json\/wp\/v2\/media\/1505"}],"wp:attachment":[{"href":"https:\/\/sieuthivan.vn\/en\/wp-json\/wp\/v2\/media?parent=1503"}],"wp:term":[{"taxonomy":"thuong-hieu","embeddable":true,"href":"https:\/\/sieuthivan.vn\/en\/wp-json\/wp\/v2\/thuong-hieu?post=1503"},{"taxonomy":"product_brand","embeddable":true,"href":"https:\/\/sieuthivan.vn\/en\/wp-json\/wp\/v2\/product_brand?post=1503"},{"taxonomy":"product_cat","embeddable":true,"href":"https:\/\/sieuthivan.vn\/en\/wp-json\/wp\/v2\/product_cat?post=1503"},{"taxonomy":"product_tag","embeddable":true,"href":"https:\/\/sieuthivan.vn\/en\/wp-json\/wp\/v2\/product_tag?post=1503"}],"curies":[{"name":"wp","href":"https:\/\/api.w.org\/{rel}","templated":true}]}}