{"id":1472,"date":"2025-03-17T09:44:40","date_gmt":"2025-03-17T02:44:40","guid":{"rendered":"https:\/\/sieuthivan.vn\/?post_type=product&#038;p=1472"},"modified":"2025-06-02T14:46:50","modified_gmt":"2025-06-02T07:46:50","slug":"bo-dinh-vi","status":"publish","type":"product","link":"https:\/\/sieuthivan.vn\/en\/product\/bo-dinh-vi\/","title":{"rendered":"B\u1ed9 \u0110\u1ecbnh V\u1ecb"},"content":{"rendered":"<p data-pm-slice=\"1 3 []\"><strong>B\u1ed9 \u0111\u1ecbnh v\u1ecb Klinger<\/strong><\/p>\n<ul data-spread=\"false\">\n<li>G\u1eafn k\u00e8m van kh\u00ed n\u00e9n<\/li>\n<li>Gi\u00fap van ph\u1ea3n h\u1ed3i ch\u00ednh x\u00e1c theo t\u00edn hi\u1ec7u<\/li>\n<li>Thi\u1ebft k\u1ebf b\u1ec1n b\u1ec9, d\u1ec5 hi\u1ec7u ch\u1ec9nh<\/li>\n<li>T\u0103ng \u0111\u1ed9 tin c\u1eady cho h\u1ec7 th\u1ed1ng<\/li>\n<\/ul>","protected":false},"excerpt":{"rendered":"<p data-pm-slice=\"1 3 []\"><strong>B\u1ed9 \u0111\u1ecbnh v\u1ecb Klinger<\/strong><\/p>\n<ul data-spread=\"false\">\n<li>G\u1eafn k\u00e8m van kh\u00ed n\u00e9n<\/li>\n<li>Gi\u00fap van ph\u1ea3n h\u1ed3i ch\u00ednh x\u00e1c theo t\u00edn hi\u1ec7u<\/li>\n<li>Thi\u1ebft k\u1ebf b\u1ec1n b\u1ec9, d\u1ec5 hi\u1ec7u ch\u1ec9nh<\/li>\n<li>T\u0103ng \u0111\u1ed9 tin c\u1eady cho h\u1ec7 th\u1ed1ng<\/li>\n<\/ul>","protected":false},"featured_media":1473,"comment_status":"open","ping_status":"closed","template":"","meta":{"_acf_changed":false,"inline_featured_image":false},"thuong-hieu":[84],"product_brand":[],"product_cat":[28,34],"product_tag":[288],"class_list":{"0":"post-1472","1":"product","2":"type-product","3":"status-publish","4":"has-post-thumbnail","6":"thuong-hieu-klinger","7":"product_cat-van-dieu-khien-klinger","8":"product_cat-phu-kien","9":"product_tag-bo-dinh-vi","11":"first","12":"instock","13":"shipping-taxable","14":"product-type-simple"},"acf":[],"_links":{"self":[{"href":"https:\/\/sieuthivan.vn\/en\/wp-json\/wp\/v2\/product\/1472","targetHints":{"allow":["GET"]}}],"collection":[{"href":"https:\/\/sieuthivan.vn\/en\/wp-json\/wp\/v2\/product"}],"about":[{"href":"https:\/\/sieuthivan.vn\/en\/wp-json\/wp\/v2\/types\/product"}],"replies":[{"embeddable":true,"href":"https:\/\/sieuthivan.vn\/en\/wp-json\/wp\/v2\/comments?post=1472"}],"wp:featuredmedia":[{"embeddable":true,"href":"https:\/\/sieuthivan.vn\/en\/wp-json\/wp\/v2\/media\/1473"}],"wp:attachment":[{"href":"https:\/\/sieuthivan.vn\/en\/wp-json\/wp\/v2\/media?parent=1472"}],"wp:term":[{"taxonomy":"thuong-hieu","embeddable":true,"href":"https:\/\/sieuthivan.vn\/en\/wp-json\/wp\/v2\/thuong-hieu?post=1472"},{"taxonomy":"product_brand","embeddable":true,"href":"https:\/\/sieuthivan.vn\/en\/wp-json\/wp\/v2\/product_brand?post=1472"},{"taxonomy":"product_cat","embeddable":true,"href":"https:\/\/sieuthivan.vn\/en\/wp-json\/wp\/v2\/product_cat?post=1472"},{"taxonomy":"product_tag","embeddable":true,"href":"https:\/\/sieuthivan.vn\/en\/wp-json\/wp\/v2\/product_tag?post=1472"}],"curies":[{"name":"wp","href":"https:\/\/api.w.org\/{rel}","templated":true}]}}