{"id":1463,"date":"2025-03-17T09:38:07","date_gmt":"2025-03-17T02:38:07","guid":{"rendered":"https:\/\/sieuthivan.vn\/?post_type=product&#038;p=1463"},"modified":"2025-06-02T15:44:03","modified_gmt":"2025-06-02T08:44:03","slug":"dau-dieu-khien-dien","status":"publish","type":"product","link":"https:\/\/sieuthivan.vn\/en\/product\/dau-dieu-khien-dien\/","title":{"rendered":"\u0110\u1ea7u \u0110i\u1ec1u Khi\u1ec3n \u0110i\u1ec7n"},"content":{"rendered":"<p data-start=\"115\" data-end=\"483\"><strong data-start=\"115\" data-end=\"186\">\u0110\u1ea7u \u0111i\u1ec1u khi\u1ec3n \u0111i\u1ec7n<\/strong><br data-start=\"186\" data-end=\"189\" \/>\u0110\u1ea7u \u0111i\u1ec1u khi\u1ec3n \u0111i\u1ec7n l\u00e0 thi\u1ebft b\u1ecb truy\u1ec1n \u0111\u1ed9ng gi\u00fap \u0111\u00f3ng\/m\u1edf van nhanh ch\u00f3ng v\u00e0 ch\u00ednh x\u00e1c th\u00f4ng qua ngu\u1ed3n \u0111i\u1ec7n. V\u1edbi thi\u1ebft k\u1ebf nh\u1ecf g\u1ecdn, d\u1ec5 l\u1eafp \u0111\u1eb7t, kh\u1ea3 n\u0103ng ho\u1ea1t \u0111\u1ed9ng \u1ed5n \u0111\u1ecbnh v\u00e0 \u0111\u1ed9 b\u1ec1n cao, \u0111\u00e2y l\u00e0 l\u1ef1a ch\u1ecdn l\u00fd t\u01b0\u1edfng trong c\u00e1c h\u1ec7 th\u1ed1ng t\u1ef1 \u0111\u1ed9ng h\u00f3a c\u00f4ng nghi\u1ec7p, HVAC, x\u1eed l\u00fd n\u01b0\u1edbc, v\u00e0 nhi\u1ec1u l\u0129nh v\u1ef1c kh\u00e1c.<\/p>","protected":false},"excerpt":{"rendered":"<p data-start=\"0\" data-end=\"60\"><strong data-start=\"0\" data-end=\"60\">\u0110\u1ea7u \u0111i\u1ec1u khi\u1ec3n \u0111i\u1ec7n \u2013 Gi\u1ea3i ph\u00e1p t\u1ef1 \u0111\u1ed9ng h\u00f3a van hi\u1ec7u qu\u1ea3<\/strong><\/p>\n<p data-start=\"62\" data-end=\"248\" data-is-last-node=\"\" data-is-only-node=\"\">Thi\u1ebft b\u1ecb truy\u1ec1n \u0111\u1ed9ng b\u1eb1ng \u0111i\u1ec7n gi\u00fap \u0111\u00f3ng\/m\u1edf van nhanh ch\u00f3ng, ch\u00ednh x\u00e1c.<br data-start=\"133\" data-end=\"136\" \/>Thi\u1ebft k\u1ebf nh\u1ecf g\u1ecdn, d\u1ec5 l\u1eafp \u0111\u1eb7t, v\u1eadn h\u00e0nh \u1ed5n \u0111\u1ecbnh, b\u1ec1n b\u1ec9.<br data-start=\"191\" data-end=\"194\" \/>\u1ee8ng d\u1ee5ng r\u1ed9ng r\u00e3i trong c\u00f4ng nghi\u1ec7p, HVAC, x\u1eed l\u00fd n\u01b0\u1edbc\u2026<\/p>","protected":false},"featured_media":1464,"comment_status":"open","ping_status":"closed","template":"","meta":{"_acf_changed":false,"inline_featured_image":false},"thuong-hieu":[84],"product_brand":[],"product_cat":[28,34],"product_tag":[284],"class_list":{"0":"post-1463","1":"product","2":"type-product","3":"status-publish","4":"has-post-thumbnail","6":"thuong-hieu-klinger","7":"product_cat-van-dieu-khien-klinger","8":"product_cat-phu-kien","9":"product_tag-dau-dieu-khien-dien","11":"first","12":"instock","13":"shipping-taxable","14":"product-type-simple"},"acf":[],"_links":{"self":[{"href":"https:\/\/sieuthivan.vn\/en\/wp-json\/wp\/v2\/product\/1463","targetHints":{"allow":["GET"]}}],"collection":[{"href":"https:\/\/sieuthivan.vn\/en\/wp-json\/wp\/v2\/product"}],"about":[{"href":"https:\/\/sieuthivan.vn\/en\/wp-json\/wp\/v2\/types\/product"}],"replies":[{"embeddable":true,"href":"https:\/\/sieuthivan.vn\/en\/wp-json\/wp\/v2\/comments?post=1463"}],"wp:featuredmedia":[{"embeddable":true,"href":"https:\/\/sieuthivan.vn\/en\/wp-json\/wp\/v2\/media\/1464"}],"wp:attachment":[{"href":"https:\/\/sieuthivan.vn\/en\/wp-json\/wp\/v2\/media?parent=1463"}],"wp:term":[{"taxonomy":"thuong-hieu","embeddable":true,"href":"https:\/\/sieuthivan.vn\/en\/wp-json\/wp\/v2\/thuong-hieu?post=1463"},{"taxonomy":"product_brand","embeddable":true,"href":"https:\/\/sieuthivan.vn\/en\/wp-json\/wp\/v2\/product_brand?post=1463"},{"taxonomy":"product_cat","embeddable":true,"href":"https:\/\/sieuthivan.vn\/en\/wp-json\/wp\/v2\/product_cat?post=1463"},{"taxonomy":"product_tag","embeddable":true,"href":"https:\/\/sieuthivan.vn\/en\/wp-json\/wp\/v2\/product_tag?post=1463"}],"curies":[{"name":"wp","href":"https:\/\/api.w.org\/{rel}","templated":true}]}}