{"id":1371,"date":"2025-03-15T10:15:21","date_gmt":"2025-03-15T03:15:21","guid":{"rendered":"https:\/\/sieuthivan.vn\/?post_type=product&#038;p=1371"},"modified":"2025-06-03T14:02:22","modified_gmt":"2025-06-03T07:02:22","slug":"van-dieu-khien-on-off-serie-mvpfl-fl-uni","status":"publish","type":"product","link":"https:\/\/sieuthivan.vn\/en\/product\/van-dieu-khien-on-off-serie-mvpfl-fl-uni\/","title":{"rendered":"Van \u0110i\u1ec1u Khi\u1ec3n On\/ Off SERIE MVPFL-FL UNI"},"content":{"rendered":"<p>SERIE MPVFL-FL UNI<br \/>\nD\u00f2ng van xi\u00ean kh\u00ed n\u00e9n<br \/>\nV\u1eadt li\u1ec7u: AISI 316\/316L<br \/>\nK\u00edch c\u1ee1: DN8-25<br \/>\n\u00c1p su\u1ea5t: PN16<br \/>\nNhi\u1ec7t \u0111\u1ed9: -30\/+150oC (Tip Max 180oC)<br \/>\nK\u1ebft n\u1ed1i: B\u00edch PN16<\/p>\n<p><script src=\"chrome-extension:\/\/fpelahbljekknahkcaegamhcndkfpfnc\/iFrame.js\" type=\"text\/javascript\"><\/script><\/p>","protected":false},"excerpt":{"rendered":"<p>SERIE MPVFL-FL UNI<br \/>\nD\u00f2ng van xi\u00ean kh\u00ed n\u00e9n<br \/>\nV\u1eadt li\u1ec7u: AISI 316\/316L<br \/>\nK\u00edch c\u1ee1: DN8-25<br \/>\n\u00c1p su\u1ea5t: PN16<br \/>\nNhi\u1ec7t \u0111\u1ed9: -30\/+150oC (Tip Max 180oC)<br \/>\nK\u1ebft n\u1ed1i: B\u00edch PN16<\/p>\n<p><script src=\"chrome-extension:\/\/fpelahbljekknahkcaegamhcndkfpfnc\/iFrame.js\" type=\"text\/javascript\"><\/script><\/p>","protected":false},"featured_media":1372,"comment_status":"open","ping_status":"closed","template":"","meta":{"_acf_changed":false,"inline_featured_image":false},"thuong-hieu":[84],"product_brand":[],"product_cat":[28,29],"product_tag":[245],"class_list":{"0":"post-1371","1":"product","2":"type-product","3":"status-publish","4":"has-post-thumbnail","6":"thuong-hieu-klinger","7":"product_cat-van-dieu-khien-klinger","8":"product_cat-van-dieu-khien-on-off","9":"product_tag-van-dieu-khien-on-off-serie-mvpfl-fl-uni","11":"first","12":"instock","13":"shipping-taxable","14":"product-type-simple"},"acf":[],"_links":{"self":[{"href":"https:\/\/sieuthivan.vn\/en\/wp-json\/wp\/v2\/product\/1371","targetHints":{"allow":["GET"]}}],"collection":[{"href":"https:\/\/sieuthivan.vn\/en\/wp-json\/wp\/v2\/product"}],"about":[{"href":"https:\/\/sieuthivan.vn\/en\/wp-json\/wp\/v2\/types\/product"}],"replies":[{"embeddable":true,"href":"https:\/\/sieuthivan.vn\/en\/wp-json\/wp\/v2\/comments?post=1371"}],"wp:featuredmedia":[{"embeddable":true,"href":"https:\/\/sieuthivan.vn\/en\/wp-json\/wp\/v2\/media\/1372"}],"wp:attachment":[{"href":"https:\/\/sieuthivan.vn\/en\/wp-json\/wp\/v2\/media?parent=1371"}],"wp:term":[{"taxonomy":"thuong-hieu","embeddable":true,"href":"https:\/\/sieuthivan.vn\/en\/wp-json\/wp\/v2\/thuong-hieu?post=1371"},{"taxonomy":"product_brand","embeddable":true,"href":"https:\/\/sieuthivan.vn\/en\/wp-json\/wp\/v2\/product_brand?post=1371"},{"taxonomy":"product_cat","embeddable":true,"href":"https:\/\/sieuthivan.vn\/en\/wp-json\/wp\/v2\/product_cat?post=1371"},{"taxonomy":"product_tag","embeddable":true,"href":"https:\/\/sieuthivan.vn\/en\/wp-json\/wp\/v2\/product_tag?post=1371"}],"curies":[{"name":"wp","href":"https:\/\/api.w.org\/{rel}","templated":true}]}}