{"id":1329,"date":"2025-03-14T16:44:51","date_gmt":"2025-03-14T09:44:51","guid":{"rendered":"https:\/\/sieuthivan.vn\/?post_type=product&#038;p=1329"},"modified":"2025-06-06T11:08:13","modified_gmt":"2025-06-06T04:08:13","slug":"do-muc-dang-dien-cuc-tuyen-tinh-kp01-3r","status":"publish","type":"product","link":"https:\/\/sieuthivan.vn\/en\/product\/do-muc-dang-dien-cuc-tuyen-tinh-kp01-3r\/","title":{"rendered":"\u0110o M\u1ee9c D\u1ea1ng \u0110i\u1ec7n C\u1ef1c Tuy\u1ebfn T\u00ednh KP01-3R"},"content":{"rendered":"<p>Model: KP01-3R<br \/>\nTh\u00e2n: Stainless steel\/ C\u1ecdc d\u00f2: Stainless steel<br \/>\nK\u1ebft n\u1ed1i: Ren 3\/4\u2033<br \/>\n\u00c1p l\u00e0m vi\u1ec7c max.: 32bar<br \/>\nNhi\u1ec7t \u0111\u1ed9 l\u00e0m vi\u1ec7c max.: 238oC<br \/>\nNgu\u1ed3n c\u1ea5p ch\u00ednh: 220V (110V, 24V option)<br \/>\nOutput: 4-20mA or 0-10V<br \/>\nOutput: 2 relays<br \/>\nHi\u1ec3n th\u1ecb % ho\u1eb7c mA tr\u00ean m\u00e0n h\u00ecnh LED<br \/>\n4 \u0111\u00e8n LED \u0111\u1ec3 xem \u201con\u201d, \u201coff\u201d v\u1ecb tr\u00ed relays<br \/>\nC\u1ea5p b\u1ea3o v\u1ec7: IP65<br \/>\nNh\u00e0 SX\/ Xu\u1ea5t x\u1ee9: Ayvaz, Turkey<\/p>\n<p><script src=\"chrome-extension:\/\/fpelahbljekknahkcaegamhcndkfpfnc\/iFrame.js\" type=\"text\/javascript\"><\/script><\/p>\n<p><script src=\"chrome-extension:\/\/fpelahbljekknahkcaegamhcndkfpfnc\/iFrame.js\" type=\"text\/javascript\"><\/script><\/p>\n<p><script src=\"chrome-extension:\/\/fpelahbljekknahkcaegamhcndkfpfnc\/iFrame.js\" type=\"text\/javascript\"><\/script><\/p>","protected":false},"excerpt":{"rendered":"<p>Model: KP01-3R<br \/>\nTh\u00e2n: Stainless steel\/ C\u1ecdc d\u00f2: Stainless steel<br \/>\nK\u1ebft n\u1ed1i: Ren 3\/4\u2033<br \/>\n\u00c1p l\u00e0m vi\u1ec7c max.: 32bar<br \/>\nNhi\u1ec7t \u0111\u1ed9 l\u00e0m vi\u1ec7c max.: 238oC<br \/>\nNgu\u1ed3n c\u1ea5p ch\u00ednh: 220V (110V, 24V option)<br \/>\nOutput: 4-20mA or 0-10V<br \/>\nOutput: 2 relays<br \/>\nHi\u1ec3n th\u1ecb % ho\u1eb7c mA tr\u00ean m\u00e0n h\u00ecnh LED<br \/>\n4 \u0111\u00e8n LED \u0111\u1ec3 xem \u201con\u201d, \u201coff\u201d v\u1ecb tr\u00ed relays<br \/>\nC\u1ea5p b\u1ea3o v\u1ec7: IP65<br \/>\nNh\u00e0 SX\/ Xu\u1ea5t x\u1ee9: Ayvaz, Turkey<\/p>\n<p><script src=\"chrome-extension:\/\/fpelahbljekknahkcaegamhcndkfpfnc\/iFrame.js\" type=\"text\/javascript\"><\/script><\/p>\n<p><script src=\"chrome-extension:\/\/fpelahbljekknahkcaegamhcndkfpfnc\/iFrame.js\" type=\"text\/javascript\"><\/script><\/p>","protected":false},"featured_media":1322,"comment_status":"open","ping_status":"closed","template":"","meta":{"_acf_changed":false,"inline_featured_image":false},"thuong-hieu":[81],"product_brand":[],"product_cat":[47,48],"product_tag":[226],"class_list":{"0":"post-1329","1":"product","2":"type-product","3":"status-publish","4":"has-post-thumbnail","6":"thuong-hieu-ayvaz","7":"product_cat-do-muc","8":"product_cat-do-muc-dien-cuc","9":"product_tag-do-muc-dang-dien-cuc-tuyen-tinh-kp01-3r","11":"first","12":"instock","13":"shipping-taxable","14":"product-type-simple"},"acf":[],"_links":{"self":[{"href":"https:\/\/sieuthivan.vn\/en\/wp-json\/wp\/v2\/product\/1329","targetHints":{"allow":["GET"]}}],"collection":[{"href":"https:\/\/sieuthivan.vn\/en\/wp-json\/wp\/v2\/product"}],"about":[{"href":"https:\/\/sieuthivan.vn\/en\/wp-json\/wp\/v2\/types\/product"}],"replies":[{"embeddable":true,"href":"https:\/\/sieuthivan.vn\/en\/wp-json\/wp\/v2\/comments?post=1329"}],"wp:featuredmedia":[{"embeddable":true,"href":"https:\/\/sieuthivan.vn\/en\/wp-json\/wp\/v2\/media\/1322"}],"wp:attachment":[{"href":"https:\/\/sieuthivan.vn\/en\/wp-json\/wp\/v2\/media?parent=1329"}],"wp:term":[{"taxonomy":"thuong-hieu","embeddable":true,"href":"https:\/\/sieuthivan.vn\/en\/wp-json\/wp\/v2\/thuong-hieu?post=1329"},{"taxonomy":"product_brand","embeddable":true,"href":"https:\/\/sieuthivan.vn\/en\/wp-json\/wp\/v2\/product_brand?post=1329"},{"taxonomy":"product_cat","embeddable":true,"href":"https:\/\/sieuthivan.vn\/en\/wp-json\/wp\/v2\/product_cat?post=1329"},{"taxonomy":"product_tag","embeddable":true,"href":"https:\/\/sieuthivan.vn\/en\/wp-json\/wp\/v2\/product_tag?post=1329"}],"curies":[{"name":"wp","href":"https:\/\/api.w.org\/{rel}","templated":true}]}}