{"id":1307,"date":"2025-03-14T16:04:29","date_gmt":"2025-03-14T09:04:29","guid":{"rendered":"https:\/\/sieuthivan.vn\/?post_type=product&#038;p=1307"},"modified":"2025-06-19T14:05:33","modified_gmt":"2025-06-19T07:05:33","slug":"bay-xa-khi-tinh-nhiet-tkk-61","status":"publish","type":"product","link":"https:\/\/sieuthivan.vn\/en\/product\/bay-xa-khi-tinh-nhiet-tkk-61\/","title":{"rendered":"B\u1eaby X\u1ea3 Kh\u00ed T\u0129nh Nhi\u1ec7t TKK-61"},"content":{"rendered":"<p>Model: TKK-61<br \/>\nTh\u00e2n: \u0110\u1ed3ng thau<br \/>\nL\u01b0\u1edbi l\u1ecdc, l\u1edbp \u0111\u1ec7m: SS316\/ Capsule: Hastelloy<br \/>\nK\u1ebft n\u1ed1i: Ren BSP<br \/>\n\u00c1p c\u00e0i \u0111\u1eb7t v\u1eadn h\u00e0nh: 10bar<br \/>\nNhi\u1ec7t \u0111\u1ed9 ho\u1ea1t \u0111\u1ed9ng: 150oC<br \/>\nSize: 3\/8\u201d-1\/2\u201d<br \/>\nXu\u1ea5t x\u1ee9: Ayvaz, Turkey<\/p>\n<p><script src=\"chrome-extension:\/\/fpelahbljekknahkcaegamhcndkfpfnc\/iFrame.js\" type=\"text\/javascript\"><\/script><\/p>\n<p><script src=\"chrome-extension:\/\/fpelahbljekknahkcaegamhcndkfpfnc\/iFrame.js\" type=\"text\/javascript\"><\/script><\/p>\n<p><script src=\"chrome-extension:\/\/fpelahbljekknahkcaegamhcndkfpfnc\/iFrame.js\" type=\"text\/javascript\"><\/script><\/p>","protected":false},"excerpt":{"rendered":"<p>Model: TKK-61<br \/>\nTh\u00e2n: \u0110\u1ed3ng thau<br \/>\nL\u01b0\u1edbi l\u1ecdc, l\u1edbp \u0111\u1ec7m: SS316\/ Capsule: Hastelloy<br \/>\nK\u1ebft n\u1ed1i: Ren BSP<br \/>\n\u00c1p c\u00e0i \u0111\u1eb7t v\u1eadn h\u00e0nh: 10bar<br \/>\nNhi\u1ec7t \u0111\u1ed9 ho\u1ea1t \u0111\u1ed9ng: 150oC<br \/>\nSize: 3\/8\u201d-1\/2\u201d<br \/>\nXu\u1ea5t x\u1ee9: Ayvaz, Turkey<\/p>\n<p>&nbsp;<\/p>","protected":false},"featured_media":1308,"comment_status":"open","ping_status":"closed","template":"","meta":{"_acf_changed":false,"inline_featured_image":false},"thuong-hieu":[81],"product_brand":[],"product_cat":[43,46],"product_tag":[217],"class_list":{"0":"post-1307","1":"product","2":"type-product","3":"status-publish","4":"has-post-thumbnail","6":"thuong-hieu-ayvaz","7":"product_cat-bay-hoi","8":"product_cat-nhiet-tinh","9":"product_tag-bay-xa-khi-tinh-nhiet-tkk-61","11":"first","12":"instock","13":"shipping-taxable","14":"product-type-simple"},"acf":[],"_links":{"self":[{"href":"https:\/\/sieuthivan.vn\/en\/wp-json\/wp\/v2\/product\/1307","targetHints":{"allow":["GET"]}}],"collection":[{"href":"https:\/\/sieuthivan.vn\/en\/wp-json\/wp\/v2\/product"}],"about":[{"href":"https:\/\/sieuthivan.vn\/en\/wp-json\/wp\/v2\/types\/product"}],"replies":[{"embeddable":true,"href":"https:\/\/sieuthivan.vn\/en\/wp-json\/wp\/v2\/comments?post=1307"}],"wp:featuredmedia":[{"embeddable":true,"href":"https:\/\/sieuthivan.vn\/en\/wp-json\/wp\/v2\/media\/1308"}],"wp:attachment":[{"href":"https:\/\/sieuthivan.vn\/en\/wp-json\/wp\/v2\/media?parent=1307"}],"wp:term":[{"taxonomy":"thuong-hieu","embeddable":true,"href":"https:\/\/sieuthivan.vn\/en\/wp-json\/wp\/v2\/thuong-hieu?post=1307"},{"taxonomy":"product_brand","embeddable":true,"href":"https:\/\/sieuthivan.vn\/en\/wp-json\/wp\/v2\/product_brand?post=1307"},{"taxonomy":"product_cat","embeddable":true,"href":"https:\/\/sieuthivan.vn\/en\/wp-json\/wp\/v2\/product_cat?post=1307"},{"taxonomy":"product_tag","embeddable":true,"href":"https:\/\/sieuthivan.vn\/en\/wp-json\/wp\/v2\/product_tag?post=1307"}],"curies":[{"name":"wp","href":"https:\/\/api.w.org\/{rel}","templated":true}]}}