{"id":1259,"date":"2025-03-14T14:14:35","date_gmt":"2025-03-14T07:14:35","guid":{"rendered":"https:\/\/sieuthivan.vn\/?post_type=product&#038;p=1259"},"modified":"2025-05-28T11:09:51","modified_gmt":"2025-05-28T04:09:51","slug":"van-an-toan-cemka-full-lift","status":"publish","type":"product","link":"https:\/\/sieuthivan.vn\/en\/product\/van-an-toan-cemka-full-lift\/","title":{"rendered":"Van An To\u00e0n Cemka Full Lift"},"content":{"rendered":"<p>V\u1eadt li\u1ec7u: GGG-40.3 (EN JS 1020)<br \/>\n\u00c1p c\u00e0i \u0111\u1eb7t: 0-16 bar<br \/>\nK\u1ebft n\u1ed1i: B\u00edch PN16<br \/>\nNhi\u1ec7t \u0111\u1ed9: -10\/+300oC<br \/>\nNh\u00e0 SX \/ Xu\u1ea5t x\u1ee9: Cemka, Turkey<\/p>\n<p>&nbsp;<\/p>","protected":false},"excerpt":{"rendered":"<p>V\u1eadt li\u1ec7u: GGG-40.3 (EN JS 1020)<br \/>\n\u00c1p c\u00e0i \u0111\u1eb7t: 0-16 bar<br \/>\nK\u1ebft n\u1ed1i: B\u00edch PN16<br \/>\nNhi\u1ec7t \u0111\u1ed9: -10\/+300oC<br \/>\nNh\u00e0 SX \/ Xu\u1ea5t x\u1ee9: Cemka, Turkey<\/p>\n<p><script src=\"chrome-extension:\/\/fpelahbljekknahkcaegamhcndkfpfnc\/iFrame.js\" type=\"text\/javascript\"><\/script><\/p>\n<p><script src=\"chrome-extension:\/\/fpelahbljekknahkcaegamhcndkfpfnc\/iFrame.js\" type=\"text\/javascript\"><\/script><\/p>\n<p><script src=\"chrome-extension:\/\/fpelahbljekknahkcaegamhcndkfpfnc\/iFrame.js\" type=\"text\/javascript\"><\/script><\/p>\n<p><script src=\"chrome-extension:\/\/fpelahbljekknahkcaegamhcndkfpfnc\/iFrame.js\" type=\"text\/javascript\"><\/script><\/p>\n<p><script src=\"chrome-extension:\/\/fpelahbljekknahkcaegamhcndkfpfnc\/iFrame.js\" type=\"text\/javascript\"><\/script><\/p>\n<p><script src=\"chrome-extension:\/\/fpelahbljekknahkcaegamhcndkfpfnc\/iFrame.js\" type=\"text\/javascript\"><\/script><\/p>","protected":false},"featured_media":1260,"comment_status":"open","ping_status":"closed","template":"","meta":{"_acf_changed":false,"inline_featured_image":false},"thuong-hieu":[83],"product_brand":[],"product_cat":[16,27],"product_tag":[195],"class_list":{"0":"post-1259","1":"product","2":"type-product","3":"status-publish","4":"has-post-thumbnail","6":"thuong-hieu-cemka","7":"product_cat-van-cong-nghiep","8":"product_cat-van-an-toan","9":"product_tag-van-an-toan-cemka-full-lift","11":"first","12":"instock","13":"shipping-taxable","14":"product-type-simple"},"acf":[],"_links":{"self":[{"href":"https:\/\/sieuthivan.vn\/en\/wp-json\/wp\/v2\/product\/1259","targetHints":{"allow":["GET"]}}],"collection":[{"href":"https:\/\/sieuthivan.vn\/en\/wp-json\/wp\/v2\/product"}],"about":[{"href":"https:\/\/sieuthivan.vn\/en\/wp-json\/wp\/v2\/types\/product"}],"replies":[{"embeddable":true,"href":"https:\/\/sieuthivan.vn\/en\/wp-json\/wp\/v2\/comments?post=1259"}],"wp:featuredmedia":[{"embeddable":true,"href":"https:\/\/sieuthivan.vn\/en\/wp-json\/wp\/v2\/media\/1260"}],"wp:attachment":[{"href":"https:\/\/sieuthivan.vn\/en\/wp-json\/wp\/v2\/media?parent=1259"}],"wp:term":[{"taxonomy":"thuong-hieu","embeddable":true,"href":"https:\/\/sieuthivan.vn\/en\/wp-json\/wp\/v2\/thuong-hieu?post=1259"},{"taxonomy":"product_brand","embeddable":true,"href":"https:\/\/sieuthivan.vn\/en\/wp-json\/wp\/v2\/product_brand?post=1259"},{"taxonomy":"product_cat","embeddable":true,"href":"https:\/\/sieuthivan.vn\/en\/wp-json\/wp\/v2\/product_cat?post=1259"},{"taxonomy":"product_tag","embeddable":true,"href":"https:\/\/sieuthivan.vn\/en\/wp-json\/wp\/v2\/product_tag?post=1259"}],"curies":[{"name":"wp","href":"https:\/\/api.w.org\/{rel}","templated":true}]}}