{"id":1164,"date":"2025-03-14T09:57:19","date_gmt":"2025-03-14T02:57:19","guid":{"rendered":"https:\/\/sieuthivan.vn\/?post_type=product&#038;p=1164"},"modified":"2025-05-27T15:44:10","modified_gmt":"2025-05-27T08:44:10","slug":"van-pha-chan-khong-vk-70","status":"publish","type":"product","link":"https:\/\/sieuthivan.vn\/en\/product\/van-pha-chan-khong-vk-70\/","title":{"rendered":"Ph\u00e1 ch\u00e2n kh\u00f4ng (Vacuum Breaker)"},"content":{"rendered":"<p>Model: VK-70<br \/>\n* Th\u00e2n: \u0110\u1ed3ng thau<br \/>\n* Inner part &amp; Float: Stainless steel 304<br \/>\nK\u1ebft n\u1ed1i: Ren BSP<br \/>\nMax. operating pressure: 16bar<br \/>\nMax. operating temperature: 260oC<br \/>\nNh\u00e0 SX\/ Xu\u1ea5t x\u1ee9: Ayvaz, Turkey<\/p>\n<p>&nbsp;<\/p>","protected":false},"excerpt":{"rendered":"<p>Model: VK-70<br \/>\n* Th\u00e2n: \u0110\u1ed3ng thau<br \/>\n* Inner part &amp; Float: Stainless steel 304<br \/>\nK\u1ebft n\u1ed1i: Ren BSP<br \/>\nMax. operating pressure: 16bar<br \/>\nMax. operating temperature: 260oC<br \/>\nNh\u00e0 SX\/ Xu\u1ea5t x\u1ee9: Ayvaz, Turkey<\/p>\n<p><script src=\"chrome-extension:\/\/fpelahbljekknahkcaegamhcndkfpfnc\/iFrame.js\" type=\"text\/javascript\"><\/script><\/p>\n<p><script src=\"chrome-extension:\/\/fpelahbljekknahkcaegamhcndkfpfnc\/iFrame.js\" type=\"text\/javascript\"><\/script><\/p>","protected":false},"featured_media":1165,"comment_status":"open","ping_status":"closed","template":"","meta":{"_acf_changed":false,"inline_featured_image":false},"thuong-hieu":[81],"product_brand":[],"product_cat":[17,16],"product_tag":[133,134],"class_list":{"0":"post-1164","1":"product","2":"type-product","3":"status-publish","4":"has-post-thumbnail","6":"thuong-hieu-ayvaz","7":"product_cat-van-pha-chan-khong","8":"product_cat-van-cong-nghiep","9":"product_tag-van-pha-chan-khong-vk-70","10":"product_tag-vk-70","12":"first","13":"instock","14":"shipping-taxable","15":"product-type-simple"},"acf":[],"_links":{"self":[{"href":"https:\/\/sieuthivan.vn\/en\/wp-json\/wp\/v2\/product\/1164","targetHints":{"allow":["GET"]}}],"collection":[{"href":"https:\/\/sieuthivan.vn\/en\/wp-json\/wp\/v2\/product"}],"about":[{"href":"https:\/\/sieuthivan.vn\/en\/wp-json\/wp\/v2\/types\/product"}],"replies":[{"embeddable":true,"href":"https:\/\/sieuthivan.vn\/en\/wp-json\/wp\/v2\/comments?post=1164"}],"wp:featuredmedia":[{"embeddable":true,"href":"https:\/\/sieuthivan.vn\/en\/wp-json\/wp\/v2\/media\/1165"}],"wp:attachment":[{"href":"https:\/\/sieuthivan.vn\/en\/wp-json\/wp\/v2\/media?parent=1164"}],"wp:term":[{"taxonomy":"thuong-hieu","embeddable":true,"href":"https:\/\/sieuthivan.vn\/en\/wp-json\/wp\/v2\/thuong-hieu?post=1164"},{"taxonomy":"product_brand","embeddable":true,"href":"https:\/\/sieuthivan.vn\/en\/wp-json\/wp\/v2\/product_brand?post=1164"},{"taxonomy":"product_cat","embeddable":true,"href":"https:\/\/sieuthivan.vn\/en\/wp-json\/wp\/v2\/product_cat?post=1164"},{"taxonomy":"product_tag","embeddable":true,"href":"https:\/\/sieuthivan.vn\/en\/wp-json\/wp\/v2\/product_tag?post=1164"}],"curies":[{"name":"wp","href":"https:\/\/api.w.org\/{rel}","templated":true}]}}