{"id":917,"date":"2025-01-16T16:29:54","date_gmt":"2025-01-16T09:29:54","guid":{"rendered":"https:\/\/sieuthivan.123websitedev.com\/?page_id=917"},"modified":"2025-03-25T15:23:50","modified_gmt":"2025-03-25T08:23:50","slug":"chung-nhan-va-dieu-khoan","status":"publish","type":"page","link":"https:\/\/sieuthivan.vn\/en\/chung-nhan-va-dieu-khoan\/","title":{"rendered":"Certifications and Terms"},"content":{"rendered":"<section class=\"section\" id=\"section_570867972\">\n\t\t<div class=\"section-bg fill\" >\n\t\t\t<img loading=\"lazy\" decoding=\"async\" width=\"1920\" height=\"400\" src=\"https:\/\/sieuthivan.vn\/wp-content\/uploads\/2025\/01\/chung-nhan-dieu-khoan-sieu-thi-van.jpg\" class=\"bg attachment- size-\" alt=\"\" \/>\t\t\t\t\t\t\n\t\t\t\n\n\t\t<\/div>\n\n\t\t\n\n\t\t<div class=\"section-content relative\">\n\t\t\t\n<div class=\"row\"  id=\"row-984110986\">\n\n\t<div id=\"col-819399263\" class=\"col small-12 large-12\"  >\n\t\t\t\t<div class=\"col-inner\"  >\n\t\t\t\n\t\t\t\n\t<div id=\"text-169599828\" class=\"text\">\n\t\t\n<h1><strong>Certifications and Terms<\/strong><\/h1>\n\t\t\n<style>\n#text-169599828 {\n  text-align: center;\n  color: rgb(255,255,255);\n}\n#text-169599828 > * {\n  color: rgb(255,255,255);\n}\n@media (min-width:550px) {\n  #text-169599828 {\n    text-align: left;\n  }\n}\n<\/style>\n\t<\/div>\n\t\n\t\t<\/div>\n\t\t\t\t\t<\/div>\n\n\t\n<\/div>\n\t\t<\/div>\n\n\t\t\n<style>\n#section_570867972 {\n  padding-top: 30px;\n  padding-bottom: 30px;\n  min-height: 150px;\n}\n@media (min-width:550px) {\n  #section_570867972 {\n    min-height: 495px;\n  }\n}\n<\/style>\n\t<\/section>\n\t\n\n\t<section class=\"section\" id=\"section_583954547\">\n\t\t<div class=\"section-bg fill\" >\n\t\t\t\t\t\t\t\t\t\n\t\t\t\n\n\t\t<\/div>\n\n\t\t\n\n\t\t<div class=\"section-content relative\">\n\t\t\t\n<div class=\"row\"  id=\"row-1859858504\">\n\n\t<div id=\"col-41465779\" class=\"col small-12 large-12\"  >\n\t\t\t\t<div class=\"col-inner\"  >\n\t\t\t\n\t\t\t\n<h2>CH\u00daNG T\u00d4I L\u00c0<\/h2>\n<h3>NH\u00c0 PH\u00c2N PH\u1ed0I CH\u00cdNH TH\u1ee8C,&#8230;<\/h3>\n\n  \n    <div class=\"row large-columns-4 medium-columns-3 small-columns-2 slider row-slider slider-nav-reveal slider-nav-push\"  data-flickity-options='{&quot;imagesLoaded&quot;: true, &quot;groupCells&quot;: &quot;100%&quot;, &quot;dragThreshold&quot; : 5, &quot;cellAlign&quot;: &quot;left&quot;,&quot;wrapAround&quot;: true,&quot;prevNextButtons&quot;: true,&quot;percentPosition&quot;: true,&quot;pageDots&quot;: false, &quot;rightToLeft&quot;: false, &quot;autoPlay&quot; : false}' >\n\n  <div class=\"gallery-col col\" >\n          <div class=\"col-inner\">\n            <a class=\"image-lightbox lightbox-gallery\" href=\"https:\/\/sieuthivan.vn\/wp-content\/uploads\/2025\/03\/Dai-ly-chinh-thuc-KSB-KTP-1-scaled.jpg\" title=\"\">            <div class=\"box has-hover gallery-box box-normal\">\n              <div class=\"box-image\" >\n                <img loading=\"lazy\" decoding=\"async\" width=\"1810\" height=\"2560\" src=\"https:\/\/sieuthivan.vn\/wp-content\/uploads\/2025\/03\/Dai-ly-chinh-thuc-KSB-KTP-1-scaled.jpg\" class=\"attachment-original size-original\" alt=\"\" ids=\"1938,1939,1940,1941\" style=\"normal\" lightbox_image_size=\"original\" type=\"slider\" image_size=\"original\" srcset=\"https:\/\/sieuthivan.vn\/wp-content\/uploads\/2025\/03\/Dai-ly-chinh-thuc-KSB-KTP-1-scaled.jpg 1810w, https:\/\/sieuthivan.vn\/wp-content\/uploads\/2025\/03\/Dai-ly-chinh-thuc-KSB-KTP-1-212x300.jpg 212w, https:\/\/sieuthivan.vn\/wp-content\/uploads\/2025\/03\/Dai-ly-chinh-thuc-KSB-KTP-1-724x1024.jpg 724w, https:\/\/sieuthivan.vn\/wp-content\/uploads\/2025\/03\/Dai-ly-chinh-thuc-KSB-KTP-1-768x1086.jpg 768w, https:\/\/sieuthivan.vn\/wp-content\/uploads\/2025\/03\/Dai-ly-chinh-thuc-KSB-KTP-1-1086x1536.jpg 1086w, https:\/\/sieuthivan.vn\/wp-content\/uploads\/2025\/03\/Dai-ly-chinh-thuc-KSB-KTP-1-1448x2048.jpg 1448w, https:\/\/sieuthivan.vn\/wp-content\/uploads\/2025\/03\/Dai-ly-chinh-thuc-KSB-KTP-1-8x12.jpg 8w, https:\/\/sieuthivan.vn\/wp-content\/uploads\/2025\/03\/Dai-ly-chinh-thuc-KSB-KTP-1-247x349.jpg 247w, https:\/\/sieuthivan.vn\/wp-content\/uploads\/2025\/03\/Dai-ly-chinh-thuc-KSB-KTP-1-510x721.jpg 510w\" sizes=\"auto, (max-width: 1810px) 100vw, 1810px\" \/>                                                              <\/div>\n              <div class=\"box-text text-left\" >\n                 <p><\/p>\n              <\/div>\n            <\/div>\n            <\/a>          <\/div>\n         <\/div><div class=\"gallery-col col\" >\n          <div class=\"col-inner\">\n            <a class=\"image-lightbox lightbox-gallery\" href=\"https:\/\/sieuthivan.vn\/wp-content\/uploads\/2025\/03\/Dai-ly-chinh-thuc-metertalk-1-scaled.jpg\" title=\"\">            <div class=\"box has-hover gallery-box box-normal\">\n              <div class=\"box-image\" >\n                <img loading=\"lazy\" decoding=\"async\" width=\"1810\" height=\"2560\" src=\"https:\/\/sieuthivan.vn\/wp-content\/uploads\/2025\/03\/Dai-ly-chinh-thuc-metertalk-1-scaled.jpg\" class=\"attachment-original size-original\" alt=\"\" ids=\"1938,1939,1940,1941\" style=\"normal\" lightbox_image_size=\"original\" type=\"slider\" image_size=\"original\" srcset=\"https:\/\/sieuthivan.vn\/wp-content\/uploads\/2025\/03\/Dai-ly-chinh-thuc-metertalk-1-scaled.jpg 1810w, https:\/\/sieuthivan.vn\/wp-content\/uploads\/2025\/03\/Dai-ly-chinh-thuc-metertalk-1-212x300.jpg 212w, https:\/\/sieuthivan.vn\/wp-content\/uploads\/2025\/03\/Dai-ly-chinh-thuc-metertalk-1-724x1024.jpg 724w, https:\/\/sieuthivan.vn\/wp-content\/uploads\/2025\/03\/Dai-ly-chinh-thuc-metertalk-1-768x1086.jpg 768w, https:\/\/sieuthivan.vn\/wp-content\/uploads\/2025\/03\/Dai-ly-chinh-thuc-metertalk-1-1086x1536.jpg 1086w, https:\/\/sieuthivan.vn\/wp-content\/uploads\/2025\/03\/Dai-ly-chinh-thuc-metertalk-1-1448x2048.jpg 1448w, https:\/\/sieuthivan.vn\/wp-content\/uploads\/2025\/03\/Dai-ly-chinh-thuc-metertalk-1-8x12.jpg 8w, https:\/\/sieuthivan.vn\/wp-content\/uploads\/2025\/03\/Dai-ly-chinh-thuc-metertalk-1-247x349.jpg 247w, https:\/\/sieuthivan.vn\/wp-content\/uploads\/2025\/03\/Dai-ly-chinh-thuc-metertalk-1-510x721.jpg 510w\" sizes=\"auto, (max-width: 1810px) 100vw, 1810px\" \/>                                                              <\/div>\n              <div class=\"box-text text-left\" >\n                 <p><\/p>\n              <\/div>\n            <\/div>\n            <\/a>          <\/div>\n         <\/div><div class=\"gallery-col col\" >\n          <div class=\"col-inner\">\n            <a class=\"image-lightbox lightbox-gallery\" href=\"https:\/\/sieuthivan.vn\/wp-content\/uploads\/2025\/03\/Dai-ly-chinh-thuc-Ayvaz-1-scaled.jpg\" title=\"\">            <div class=\"box has-hover gallery-box box-normal\">\n              <div class=\"box-image\" >\n                <img loading=\"lazy\" decoding=\"async\" width=\"1810\" height=\"2560\" src=\"https:\/\/sieuthivan.vn\/wp-content\/uploads\/2025\/03\/Dai-ly-chinh-thuc-Ayvaz-1-scaled.jpg\" class=\"attachment-original size-original\" alt=\"\" ids=\"1938,1939,1940,1941\" style=\"normal\" lightbox_image_size=\"original\" type=\"slider\" image_size=\"original\" srcset=\"https:\/\/sieuthivan.vn\/wp-content\/uploads\/2025\/03\/Dai-ly-chinh-thuc-Ayvaz-1-scaled.jpg 1810w, https:\/\/sieuthivan.vn\/wp-content\/uploads\/2025\/03\/Dai-ly-chinh-thuc-Ayvaz-1-212x300.jpg 212w, https:\/\/sieuthivan.vn\/wp-content\/uploads\/2025\/03\/Dai-ly-chinh-thuc-Ayvaz-1-724x1024.jpg 724w, https:\/\/sieuthivan.vn\/wp-content\/uploads\/2025\/03\/Dai-ly-chinh-thuc-Ayvaz-1-768x1086.jpg 768w, https:\/\/sieuthivan.vn\/wp-content\/uploads\/2025\/03\/Dai-ly-chinh-thuc-Ayvaz-1-1086x1536.jpg 1086w, https:\/\/sieuthivan.vn\/wp-content\/uploads\/2025\/03\/Dai-ly-chinh-thuc-Ayvaz-1-1448x2048.jpg 1448w, https:\/\/sieuthivan.vn\/wp-content\/uploads\/2025\/03\/Dai-ly-chinh-thuc-Ayvaz-1-8x12.jpg 8w, https:\/\/sieuthivan.vn\/wp-content\/uploads\/2025\/03\/Dai-ly-chinh-thuc-Ayvaz-1-247x349.jpg 247w, https:\/\/sieuthivan.vn\/wp-content\/uploads\/2025\/03\/Dai-ly-chinh-thuc-Ayvaz-1-510x721.jpg 510w\" sizes=\"auto, (max-width: 1810px) 100vw, 1810px\" \/>                                                              <\/div>\n              <div class=\"box-text text-left\" >\n                 <p><\/p>\n              <\/div>\n            <\/div>\n            <\/a>          <\/div>\n         <\/div><div class=\"gallery-col col\" >\n          <div class=\"col-inner\">\n            <a class=\"image-lightbox lightbox-gallery\" href=\"https:\/\/sieuthivan.vn\/wp-content\/uploads\/2025\/03\/Dai-ly-chinh-thuc-Klinger-1-scaled.jpg\" title=\"\">            <div class=\"box has-hover gallery-box box-normal\">\n              <div class=\"box-image\" >\n                <img loading=\"lazy\" decoding=\"async\" width=\"1810\" height=\"2560\" src=\"https:\/\/sieuthivan.vn\/wp-content\/uploads\/2025\/03\/Dai-ly-chinh-thuc-Klinger-1-scaled.jpg\" class=\"attachment-original size-original\" alt=\"\" ids=\"1938,1939,1940,1941\" style=\"normal\" lightbox_image_size=\"original\" type=\"slider\" image_size=\"original\" srcset=\"https:\/\/sieuthivan.vn\/wp-content\/uploads\/2025\/03\/Dai-ly-chinh-thuc-Klinger-1-scaled.jpg 1810w, https:\/\/sieuthivan.vn\/wp-content\/uploads\/2025\/03\/Dai-ly-chinh-thuc-Klinger-1-212x300.jpg 212w, https:\/\/sieuthivan.vn\/wp-content\/uploads\/2025\/03\/Dai-ly-chinh-thuc-Klinger-1-724x1024.jpg 724w, https:\/\/sieuthivan.vn\/wp-content\/uploads\/2025\/03\/Dai-ly-chinh-thuc-Klinger-1-768x1086.jpg 768w, https:\/\/sieuthivan.vn\/wp-content\/uploads\/2025\/03\/Dai-ly-chinh-thuc-Klinger-1-1086x1536.jpg 1086w, https:\/\/sieuthivan.vn\/wp-content\/uploads\/2025\/03\/Dai-ly-chinh-thuc-Klinger-1-1448x2048.jpg 1448w, https:\/\/sieuthivan.vn\/wp-content\/uploads\/2025\/03\/Dai-ly-chinh-thuc-Klinger-1-8x12.jpg 8w, https:\/\/sieuthivan.vn\/wp-content\/uploads\/2025\/03\/Dai-ly-chinh-thuc-Klinger-1-247x349.jpg 247w, https:\/\/sieuthivan.vn\/wp-content\/uploads\/2025\/03\/Dai-ly-chinh-thuc-Klinger-1-510x721.jpg 510w\" sizes=\"auto, (max-width: 1810px) 100vw, 1810px\" \/>                                                              <\/div>\n              <div class=\"box-text text-left\" >\n                 <p><\/p>\n              <\/div>\n            <\/div>\n            <\/a>          <\/div>\n         <\/div><\/div>\n<h3>NH\u00c0 PH\u00c2N PH\u1ed0I CH\u00cdNH TH\u1ee8C,&#8230;<\/h3>\n\n  \n    <div class=\"row large-columns-4 medium-columns-3 small-columns-2 slider row-slider slider-nav-reveal slider-nav-push\"  data-flickity-options='{&quot;imagesLoaded&quot;: true, &quot;groupCells&quot;: &quot;100%&quot;, &quot;dragThreshold&quot; : 5, &quot;cellAlign&quot;: &quot;left&quot;,&quot;wrapAround&quot;: true,&quot;prevNextButtons&quot;: true,&quot;percentPosition&quot;: true,&quot;pageDots&quot;: false, &quot;rightToLeft&quot;: false, &quot;autoPlay&quot; : false}' >\n\n  <div class=\"gallery-col col\" >\n          <div class=\"col-inner\">\n            <a class=\"image-lightbox lightbox-gallery\" href=\"https:\/\/sieuthivan.vn\/wp-content\/uploads\/2025\/03\/Dai-ly-chinh-thuc-KSB-MKV-scaled.jpg\" title=\"\">            <div class=\"box has-hover gallery-box box-normal\">\n              <div class=\"box-image\" >\n                <img loading=\"lazy\" decoding=\"async\" width=\"1810\" height=\"2560\" src=\"https:\/\/sieuthivan.vn\/wp-content\/uploads\/2025\/03\/Dai-ly-chinh-thuc-KSB-MKV-scaled.jpg\" class=\"attachment-original size-original\" alt=\"\" ids=\"1933,1930,1931,1935\" style=\"normal\" lightbox_image_size=\"original\" type=\"slider\" image_size=\"original\" srcset=\"https:\/\/sieuthivan.vn\/wp-content\/uploads\/2025\/03\/Dai-ly-chinh-thuc-KSB-MKV-scaled.jpg 1810w, https:\/\/sieuthivan.vn\/wp-content\/uploads\/2025\/03\/Dai-ly-chinh-thuc-KSB-MKV-212x300.jpg 212w, https:\/\/sieuthivan.vn\/wp-content\/uploads\/2025\/03\/Dai-ly-chinh-thuc-KSB-MKV-724x1024.jpg 724w, https:\/\/sieuthivan.vn\/wp-content\/uploads\/2025\/03\/Dai-ly-chinh-thuc-KSB-MKV-768x1086.jpg 768w, https:\/\/sieuthivan.vn\/wp-content\/uploads\/2025\/03\/Dai-ly-chinh-thuc-KSB-MKV-1086x1536.jpg 1086w, https:\/\/sieuthivan.vn\/wp-content\/uploads\/2025\/03\/Dai-ly-chinh-thuc-KSB-MKV-1448x2048.jpg 1448w, https:\/\/sieuthivan.vn\/wp-content\/uploads\/2025\/03\/Dai-ly-chinh-thuc-KSB-MKV-8x12.jpg 8w, https:\/\/sieuthivan.vn\/wp-content\/uploads\/2025\/03\/Dai-ly-chinh-thuc-KSB-MKV-247x349.jpg 247w, https:\/\/sieuthivan.vn\/wp-content\/uploads\/2025\/03\/Dai-ly-chinh-thuc-KSB-MKV-510x721.jpg 510w\" sizes=\"auto, (max-width: 1810px) 100vw, 1810px\" \/>                                                              <\/div>\n              <div class=\"box-text text-left\" >\n                 <p><\/p>\n              <\/div>\n            <\/div>\n            <\/a>          <\/div>\n         <\/div><div class=\"gallery-col col\" >\n          <div class=\"col-inner\">\n            <a class=\"image-lightbox lightbox-gallery\" href=\"https:\/\/sieuthivan.vn\/wp-content\/uploads\/2025\/03\/Dai-ly-chinh-thuc-Burocco-scaled.jpg\" title=\"\">            <div class=\"box has-hover gallery-box box-normal\">\n              <div class=\"box-image\" >\n                <img loading=\"lazy\" decoding=\"async\" width=\"1810\" height=\"2560\" src=\"https:\/\/sieuthivan.vn\/wp-content\/uploads\/2025\/03\/Dai-ly-chinh-thuc-Burocco-scaled.jpg\" class=\"attachment-original size-original\" alt=\"\" ids=\"1933,1930,1931,1935\" style=\"normal\" lightbox_image_size=\"original\" type=\"slider\" image_size=\"original\" srcset=\"https:\/\/sieuthivan.vn\/wp-content\/uploads\/2025\/03\/Dai-ly-chinh-thuc-Burocco-scaled.jpg 1810w, https:\/\/sieuthivan.vn\/wp-content\/uploads\/2025\/03\/Dai-ly-chinh-thuc-Burocco-212x300.jpg 212w, https:\/\/sieuthivan.vn\/wp-content\/uploads\/2025\/03\/Dai-ly-chinh-thuc-Burocco-724x1024.jpg 724w, https:\/\/sieuthivan.vn\/wp-content\/uploads\/2025\/03\/Dai-ly-chinh-thuc-Burocco-768x1086.jpg 768w, https:\/\/sieuthivan.vn\/wp-content\/uploads\/2025\/03\/Dai-ly-chinh-thuc-Burocco-1086x1536.jpg 1086w, https:\/\/sieuthivan.vn\/wp-content\/uploads\/2025\/03\/Dai-ly-chinh-thuc-Burocco-1448x2048.jpg 1448w, https:\/\/sieuthivan.vn\/wp-content\/uploads\/2025\/03\/Dai-ly-chinh-thuc-Burocco-8x12.jpg 8w, https:\/\/sieuthivan.vn\/wp-content\/uploads\/2025\/03\/Dai-ly-chinh-thuc-Burocco-247x349.jpg 247w, https:\/\/sieuthivan.vn\/wp-content\/uploads\/2025\/03\/Dai-ly-chinh-thuc-Burocco-510x721.jpg 510w\" sizes=\"auto, (max-width: 1810px) 100vw, 1810px\" \/>                                                              <\/div>\n              <div class=\"box-text text-left\" >\n                 <p><\/p>\n              <\/div>\n            <\/div>\n            <\/a>          <\/div>\n         <\/div><div class=\"gallery-col col\" >\n          <div class=\"col-inner\">\n            <a class=\"image-lightbox lightbox-gallery\" href=\"https:\/\/sieuthivan.vn\/wp-content\/uploads\/2025\/03\/Dai-ly-chinh-thuc-Hero-scaled.jpg\" title=\"\">            <div class=\"box has-hover gallery-box box-normal\">\n              <div class=\"box-image\" >\n                <img loading=\"lazy\" decoding=\"async\" width=\"1810\" height=\"2560\" src=\"https:\/\/sieuthivan.vn\/wp-content\/uploads\/2025\/03\/Dai-ly-chinh-thuc-Hero-scaled.jpg\" class=\"attachment-original size-original\" alt=\"\" ids=\"1933,1930,1931,1935\" style=\"normal\" lightbox_image_size=\"original\" type=\"slider\" image_size=\"original\" srcset=\"https:\/\/sieuthivan.vn\/wp-content\/uploads\/2025\/03\/Dai-ly-chinh-thuc-Hero-scaled.jpg 1810w, https:\/\/sieuthivan.vn\/wp-content\/uploads\/2025\/03\/Dai-ly-chinh-thuc-Hero-212x300.jpg 212w, https:\/\/sieuthivan.vn\/wp-content\/uploads\/2025\/03\/Dai-ly-chinh-thuc-Hero-724x1024.jpg 724w, https:\/\/sieuthivan.vn\/wp-content\/uploads\/2025\/03\/Dai-ly-chinh-thuc-Hero-768x1086.jpg 768w, https:\/\/sieuthivan.vn\/wp-content\/uploads\/2025\/03\/Dai-ly-chinh-thuc-Hero-1086x1536.jpg 1086w, https:\/\/sieuthivan.vn\/wp-content\/uploads\/2025\/03\/Dai-ly-chinh-thuc-Hero-1448x2048.jpg 1448w, https:\/\/sieuthivan.vn\/wp-content\/uploads\/2025\/03\/Dai-ly-chinh-thuc-Hero-8x12.jpg 8w, https:\/\/sieuthivan.vn\/wp-content\/uploads\/2025\/03\/Dai-ly-chinh-thuc-Hero-247x349.jpg 247w, https:\/\/sieuthivan.vn\/wp-content\/uploads\/2025\/03\/Dai-ly-chinh-thuc-Hero-510x721.jpg 510w\" sizes=\"auto, (max-width: 1810px) 100vw, 1810px\" \/>                                                              <\/div>\n              <div class=\"box-text text-left\" >\n                 <p><\/p>\n              <\/div>\n            <\/div>\n            <\/a>          <\/div>\n         <\/div><div class=\"gallery-col col\" >\n          <div class=\"col-inner\">\n            <a class=\"image-lightbox lightbox-gallery\" href=\"https:\/\/sieuthivan.vn\/wp-content\/uploads\/2025\/03\/Dai-ly-chinh-thuc-Propellent-scaled.jpg\" title=\"\">            <div class=\"box has-hover gallery-box box-normal\">\n              <div class=\"box-image\" >\n                <img loading=\"lazy\" decoding=\"async\" width=\"1810\" height=\"2560\" src=\"https:\/\/sieuthivan.vn\/wp-content\/uploads\/2025\/03\/Dai-ly-chinh-thuc-Propellent-scaled.jpg\" class=\"attachment-original size-original\" alt=\"\" ids=\"1933,1930,1931,1935\" style=\"normal\" lightbox_image_size=\"original\" type=\"slider\" image_size=\"original\" srcset=\"https:\/\/sieuthivan.vn\/wp-content\/uploads\/2025\/03\/Dai-ly-chinh-thuc-Propellent-scaled.jpg 1810w, https:\/\/sieuthivan.vn\/wp-content\/uploads\/2025\/03\/Dai-ly-chinh-thuc-Propellent-212x300.jpg 212w, https:\/\/sieuthivan.vn\/wp-content\/uploads\/2025\/03\/Dai-ly-chinh-thuc-Propellent-724x1024.jpg 724w, https:\/\/sieuthivan.vn\/wp-content\/uploads\/2025\/03\/Dai-ly-chinh-thuc-Propellent-768x1086.jpg 768w, https:\/\/sieuthivan.vn\/wp-content\/uploads\/2025\/03\/Dai-ly-chinh-thuc-Propellent-1086x1536.jpg 1086w, https:\/\/sieuthivan.vn\/wp-content\/uploads\/2025\/03\/Dai-ly-chinh-thuc-Propellent-1448x2048.jpg 1448w, https:\/\/sieuthivan.vn\/wp-content\/uploads\/2025\/03\/Dai-ly-chinh-thuc-Propellent-8x12.jpg 8w, https:\/\/sieuthivan.vn\/wp-content\/uploads\/2025\/03\/Dai-ly-chinh-thuc-Propellent-247x349.jpg 247w, https:\/\/sieuthivan.vn\/wp-content\/uploads\/2025\/03\/Dai-ly-chinh-thuc-Propellent-510x721.jpg 510w\" sizes=\"auto, (max-width: 1810px) 100vw, 1810px\" \/>                                                              <\/div>\n              <div class=\"box-text text-left\" >\n                 <p><\/p>\n              <\/div>\n            <\/div>\n            <\/a>          <\/div>\n         <\/div><\/div>\n<h3>Li\u00ean h\u1ec7 b\u00e1o gi\u00e1 mi\u1ec5n ph\u00ed<\/h3>\n\t<div id=\"gap-88556785\" class=\"gap-element clearfix\" style=\"display:block; height:auto;\">\n\t\t\n<style>\n#gap-88556785 {\n  padding-top: 30px;\n}\n<\/style>\n\t<\/div>\n\t\n<div class=\"row row-collapse align-equal\"  id=\"row-512011587\">\n\n\t<div id=\"col-465251780\" class=\"col medium-6 small-12 large-6\"  >\n\t\t\t\t<div class=\"col-inner box-shadow-2\"  >\n\t\t\t\n\t\t\t\n<h4>Ch\u00fang t\u00f4i mu\u1ed1n l\u00e0m vi\u1ec7c v\u1edbi b\u1ea1n<\/h4>\n<p>H\u00e3y g\u1eedi tin nh\u1eafn cho ch\u00fang t\u00f4i n\u1ebfu b\u1ea1n c\u00f3 b\u1ea5t k\u1ef3 c\u00e2u h\u1ecfi n\u00e0o ho\u1eb7c y\u00eau c\u1ea7u b\u00e1o gi\u00e1. C\u00e1c nh\u00e2n vi\u00ean c\u1ee7a ch\u00fang t\u00f4i s\u1ebd tr\u1ea3 l\u1eddi b\u1ea1n s\u1edbm nh\u1ea5t v\u00e0 gi\u00fap b\u1ea1n ch\u1ecdn \u0111\u00fang lo\u1ea1i Van b\u1ea1n mu\u1ed1n.<\/p>\n<ul>\n<li>\u0110\u1ecba ch\u1ec9: 19 L\u00ea Th\u1ecb \u00c1nh, P.T\u00e2n Th\u1edbi Nh\u1ea5t, Q.12, Tp.HCM<\/li>\n<li>Phone: 0906 790 638\u00a0\u00a0\u00a0\u00a0\u00a0\u00a0\u00a0\u00a0\u00a0\u00a0\u00a0\u00a0\u00a0\u00a0\u00a0\u00a0\u00a0\u00a0\u00a0\u00a0\u00a0\u00a0\u00a0\u00a0\u00a0\u00a0\u00a0\u00a0\u00a0\u00a0\u00a0\u00a0\u00a0\u00a0\u00a0\u00a0\u00a0\u00a0<\/li>\n<li>Email: hotline@sieuthivan.vn<\/li>\n<\/ul>\n\t\t<\/div>\n\t\t\t\t\n<style>\n#col-465251780 > .col-inner {\n  padding: 50px 50px 50px 50px;\n}\n<\/style>\n\t<\/div>\n\n\t\n\n\t<div id=\"col-882625263\" class=\"col medium-6 small-12 large-6\"  >\n\t\t\t\t<div class=\"col-inner box-shadow-2\" style=\"background-color:rgb(10, 36, 70);\" >\n\t\t\t\n\t\t\t\n\n\n\n\t\t<\/div>\n\t\t\t\t\n<style>\n#col-882625263 > .col-inner {\n  padding: 50px 50px 50px 50px;\n}\n<\/style>\n\t<\/div>\n\n\t\n<\/div>\n\t\t<\/div>\n\t\t\t\t\t<\/div>\n\n\t\n<\/div>\n\t\t<\/div>\n\n\t\t\n<style>\n#section_583954547 {\n  padding-top: 30px;\n  padding-bottom: 30px;\n}\n<\/style>\n\t<\/section>","protected":false},"excerpt":{"rendered":"","protected":false},"author":1,"featured_media":0,"parent":0,"menu_order":0,"comment_status":"closed","ping_status":"closed","template":"page-blank.php","meta":{"_acf_changed":false,"inline_featured_image":false,"footnotes":""},"class_list":["post-917","page","type-page","status-publish","hentry"],"acf":[],"_links":{"self":[{"href":"https:\/\/sieuthivan.vn\/en\/wp-json\/wp\/v2\/pages\/917","targetHints":{"allow":["GET"]}}],"collection":[{"href":"https:\/\/sieuthivan.vn\/en\/wp-json\/wp\/v2\/pages"}],"about":[{"href":"https:\/\/sieuthivan.vn\/en\/wp-json\/wp\/v2\/types\/page"}],"author":[{"embeddable":true,"href":"https:\/\/sieuthivan.vn\/en\/wp-json\/wp\/v2\/users\/1"}],"replies":[{"embeddable":true,"href":"https:\/\/sieuthivan.vn\/en\/wp-json\/wp\/v2\/comments?post=917"}],"version-history":[{"count":22,"href":"https:\/\/sieuthivan.vn\/en\/wp-json\/wp\/v2\/pages\/917\/revisions"}],"predecessor-version":[{"id":1942,"href":"https:\/\/sieuthivan.vn\/en\/wp-json\/wp\/v2\/pages\/917\/revisions\/1942"}],"wp:attachment":[{"href":"https:\/\/sieuthivan.vn\/en\/wp-json\/wp\/v2\/media?parent=917"}],"curies":[{"name":"wp","href":"https:\/\/api.w.org\/{rel}","templated":true}]}}