{"id":524,"date":"2024-12-20T10:51:42","date_gmt":"2024-12-20T03:51:42","guid":{"rendered":"https:\/\/sieuthivan.123websitedev.com\/?page_id=524"},"modified":"2025-03-28T16:43:23","modified_gmt":"2025-03-28T09:43:23","slug":"du-an","status":"publish","type":"page","link":"https:\/\/sieuthivan.vn\/en\/du-an\/","title":{"rendered":"Project"},"content":{"rendered":"<div class=\"banner has-hover\" id=\"banner-736667316\">\n          <div class=\"banner-inner fill\">\n        <div class=\"banner-bg fill\" >\n            <img loading=\"lazy\" decoding=\"async\" width=\"1020\" height=\"212\" src=\"https:\/\/sieuthivan.vn\/wp-content\/uploads\/2025\/01\/du-an-sieu-thi-van-1024x213.jpg\" class=\"bg attachment-large size-large\" alt=\"\" \/>                                    \n                    <\/div>\n\t\t\n        <div class=\"banner-layers container\">\n            <div class=\"fill banner-link\"><\/div>            \n   <div id=\"text-box-473046901\" class=\"text-box banner-layer x50 md-x50 lg-x50 y50 md-y50 lg-y50 res-text\">\n                                <div class=\"text-box-content text dark\">\n              \n              <div class=\"text-inner text-center\">\n                  \n<h3>M\u1ed9t s\u1ed1 d\u1ef1 \u00e1n uy t\u00edn s\u1eed d\u1ee5ng s\u1ea3n ph\u1ea9m c\u1ee7a Si\u00eau Th\u1ecb Van<\/h3>\n              <\/div>\n           <\/div>\n                            \n<style>\n#text-box-473046901 {\n  width: 71%;\n}\n#text-box-473046901 .text-box-content {\n  font-size: 100%;\n}\n<\/style>\n    <\/div>\n \n        <\/div>\n      <\/div>\n\n            \n<style>\n#banner-736667316 {\n  padding-top: 150px;\n}\n@media (min-width:550px) {\n  #banner-736667316 {\n    padding-top: 495px;\n  }\n}\n<\/style>\n  <\/div>\n\n\n\n\t<section class=\"section\" id=\"section_2003178212\">\n\t\t<div class=\"section-bg fill\" >\n\t\t\t\t\t\t\t\t\t\n\t\t\t\n\n\t\t<\/div>\n\n\t\t\n\n\t\t<div class=\"section-content relative\">\n\t\t\t\n<div class=\"row\"  id=\"row-2031747207\">\n\n\t<div id=\"col-2133265005\" class=\"col small-12 large-12\"  >\n\t\t\t\t<div class=\"col-inner\"  >\n\t\t\t\n\t\t\t\n  <div id=\"page-header-697787052\" class=\"page-header-wrapper\">\n  <div class=\"page-title light simple-title\">\n\n    \n    <div class=\"page-title-inner container align-center flex-row medium-flex-wrap row-reverse\" >\n              <div class=\"title-wrapper flex-col text-right medium-text-center\">\n          <h1 class=\"entry-title mb-0\">\n            Project          <\/h1>\n        <\/div>\n                    <div class=\"title-content flex-col flex-left text-left medium-text-center\">\n        <div class=\"title-breadcrumbs pb-half pt-half\"><nav class=\"woocommerce-breadcrumb breadcrumbs uppercase\" data-no-translation=\"\" data-trp-gettext=\"\">Home<\/nav><\/div>      <\/div>\n    <\/div>\n\n       <\/div>\n    <\/div>\n  \n\t\t<\/div>\n\t\t\t\t\t<\/div>\n\n\t\n<\/div>\n\t\t<\/div>\n\n\t\t\n<style>\n#section_2003178212 {\n  padding-top: 0px;\n  padding-bottom: 0px;\n  background-color: rgb(243, 243, 243);\n}\n<\/style>\n\t<\/section>\n\t\n\n<div class=\"row\"  id=\"row-1047614558\">\n\n\t<div id=\"col-184233838\" class=\"col small-12 large-12\"  >\n\t\t\t\t<div class=\"col-inner\"  >\n\t\t\t\n\t\t\t\n<h3><strong>Kinh nghi\u1ec7m c\u1ee7a ch\u00fang t\u00f4i<\/strong><\/h3>\n<p style=\"text-align: justify;\">Si\u00eau Th\u1ecb Van t\u1ef1 h\u00e0o mang \u0111\u1ebfn c\u00e1c gi\u1ea3i ph\u00e1p van c\u00f4ng nghi\u1ec7p h\u00e0ng \u0111\u1ea7u v\u1edbi h\u01a1n 10 n\u0103m kinh nghi\u1ec7m trong ng\u00e0nh. Ch\u00fang t\u00f4i lu\u00f4n s\u00e1t c\u00e1nh c\u00f9ng kh\u00e1ch h\u00e0ng trong c\u00e1c d\u1ef1 \u00e1n x\u00e2y d\u1ef1ng tr\u1ecdng \u0111i\u1ec3m, nh\u1eefng d\u1ef1 \u00e1n c\u00f4ng nghi\u1ec7p t\u1eeb nh\u1ecf \u0111\u1ebfn l\u1edbn, h\u1ec7 th\u1ed1ng n\u0103ng l\u01b0\u1ee3ng t\u00e1i t\u1ea1o, c\u00e1c gi\u1ea3i ph\u00e1p nhi\u1ec7t n\u0103ng hi\u1ec7n \u0111\u1ea1i, v\u00e0 cung c\u1ea5p s\u1ea3n ph\u1ea9m \u0111\u1eb7c th\u00f9, \u0111\u00e1p \u1ee9ng m\u1ecdi y\u00eau c\u1ea7u kh\u1eaft khe c\u1ee7a ng\u00e0nh c\u00f4ng nghi\u1ec7p.<\/p>\n\t<div id=\"gap-597558841\" class=\"gap-element clearfix\" style=\"display:block; height:auto;\">\n\t\t\n<style>\n#gap-597558841 {\n  padding-top: 20px;\n}\n<\/style>\n\t<\/div>\n\t\n<div id=\"portfolio-1726871455\" class=\"portfolio-element-wrapper has-filtering\">\n  \n    <div class=\"row large-columns-4 medium-columns-3 small-columns-2 row-small\" >\n    <div class=\"col\" data-terms=\"\" >\n          <div class=\"col-inner\" >\n          <a href=\"https:\/\/sieuthivan.vn\/en\/featured_item\/du-an-nha-may-wilmar-agro-viet-nam\/\" class=\"plain\">\n          <div class=\"portfolio-box box has-hover box-default\">\n            <div class=\"box-image\" >\n                <div class=\"image-zoom image-cover\" style=\"padding-top:100%;\">\n                <img loading=\"lazy\" decoding=\"async\" width=\"300\" height=\"300\" src=\"https:\/\/sieuthivan.vn\/wp-content\/uploads\/2025\/01\/NHA-MAY-WILMAR-AGRO-VIET-NAM-300x300.jpg\" class=\"attachment-medium size-medium\" alt=\"\" srcset=\"https:\/\/sieuthivan.vn\/wp-content\/uploads\/2025\/01\/NHA-MAY-WILMAR-AGRO-VIET-NAM-300x300.jpg 300w, https:\/\/sieuthivan.vn\/wp-content\/uploads\/2025\/01\/NHA-MAY-WILMAR-AGRO-VIET-NAM-1024x1024.jpg 1024w, https:\/\/sieuthivan.vn\/wp-content\/uploads\/2025\/01\/NHA-MAY-WILMAR-AGRO-VIET-NAM-150x150.jpg 150w, https:\/\/sieuthivan.vn\/wp-content\/uploads\/2025\/01\/NHA-MAY-WILMAR-AGRO-VIET-NAM-768x768.jpg 768w, https:\/\/sieuthivan.vn\/wp-content\/uploads\/2025\/01\/NHA-MAY-WILMAR-AGRO-VIET-NAM-1536x1536.jpg 1536w, https:\/\/sieuthivan.vn\/wp-content\/uploads\/2025\/01\/NHA-MAY-WILMAR-AGRO-VIET-NAM-2048x2048.jpg 2048w, https:\/\/sieuthivan.vn\/wp-content\/uploads\/2025\/01\/NHA-MAY-WILMAR-AGRO-VIET-NAM-12x12.jpg 12w, https:\/\/sieuthivan.vn\/wp-content\/uploads\/2025\/01\/NHA-MAY-WILMAR-AGRO-VIET-NAM-247x247.jpg 247w, https:\/\/sieuthivan.vn\/wp-content\/uploads\/2025\/01\/NHA-MAY-WILMAR-AGRO-VIET-NAM-510x510.jpg 510w, https:\/\/sieuthivan.vn\/wp-content\/uploads\/2025\/01\/NHA-MAY-WILMAR-AGRO-VIET-NAM-100x100.jpg 100w\" sizes=\"auto, (max-width: 300px) 100vw, 300px\" \/>                                                <\/div>\n            <\/div>\n            <div class=\"box-text text-center is-large\" >\n                  <div class=\"box-text-inner\">\n                      <h6 class=\"uppercase portfolio-box-title\">D\u1ef1 \u00c1n Nh\u00e0 M\u00e1y WILMAR AGRO Vi\u1ec7t Nam<\/h6>\n                      <p class=\"uppercase portfolio-box-category is-xsmall op-6\">\n                        <span class=\"show-on-hover\">\n                                                 <\/span>\n                      <\/p>\n                  <\/div>\n            <\/div>\n           <\/div>\n           <\/a>\n           <\/div>\n           <\/div><div class=\"col\" data-terms=\"\" >\n          <div class=\"col-inner\" >\n          <a href=\"https:\/\/sieuthivan.vn\/en\/featured_item\/du-an-coca-cola\/\" class=\"plain\">\n          <div class=\"portfolio-box box has-hover box-default\">\n            <div class=\"box-image\" >\n                <div class=\"image-zoom image-cover\" style=\"padding-top:100%;\">\n                <img loading=\"lazy\" decoding=\"async\" width=\"300\" height=\"300\" src=\"https:\/\/sieuthivan.vn\/wp-content\/uploads\/2025\/01\/cocacola-300x300.jpg\" class=\"attachment-medium size-medium\" alt=\"\" srcset=\"https:\/\/sieuthivan.vn\/wp-content\/uploads\/2025\/01\/cocacola-300x300.jpg 300w, https:\/\/sieuthivan.vn\/wp-content\/uploads\/2025\/01\/cocacola-1024x1024.jpg 1024w, https:\/\/sieuthivan.vn\/wp-content\/uploads\/2025\/01\/cocacola-150x150.jpg 150w, https:\/\/sieuthivan.vn\/wp-content\/uploads\/2025\/01\/cocacola-768x768.jpg 768w, https:\/\/sieuthivan.vn\/wp-content\/uploads\/2025\/01\/cocacola-1536x1536.jpg 1536w, https:\/\/sieuthivan.vn\/wp-content\/uploads\/2025\/01\/cocacola-2048x2048.jpg 2048w, https:\/\/sieuthivan.vn\/wp-content\/uploads\/2025\/01\/cocacola-12x12.jpg 12w, https:\/\/sieuthivan.vn\/wp-content\/uploads\/2025\/01\/cocacola-247x247.jpg 247w, https:\/\/sieuthivan.vn\/wp-content\/uploads\/2025\/01\/cocacola-510x510.jpg 510w, https:\/\/sieuthivan.vn\/wp-content\/uploads\/2025\/01\/cocacola-100x100.jpg 100w\" sizes=\"auto, (max-width: 300px) 100vw, 300px\" \/>                                                <\/div>\n            <\/div>\n            <div class=\"box-text text-center is-large\" >\n                  <div class=\"box-text-inner\">\n                      <h6 class=\"uppercase portfolio-box-title\">D\u1ef1 \u00c1n Coca-Cola<\/h6>\n                      <p class=\"uppercase portfolio-box-category is-xsmall op-6\">\n                        <span class=\"show-on-hover\">\n                                                 <\/span>\n                      <\/p>\n                  <\/div>\n            <\/div>\n           <\/div>\n           <\/a>\n           <\/div>\n           <\/div><div class=\"col\" data-terms=\"\" >\n          <div class=\"col-inner\" >\n          <a href=\"https:\/\/sieuthivan.vn\/en\/featured_item\/du-an-heineken\/\" class=\"plain\">\n          <div class=\"portfolio-box box has-hover box-default\">\n            <div class=\"box-image\" >\n                <div class=\"image-zoom image-cover\" style=\"padding-top:100%;\">\n                <img loading=\"lazy\" decoding=\"async\" width=\"300\" height=\"300\" src=\"https:\/\/sieuthivan.vn\/wp-content\/uploads\/2025\/01\/Heniken-300x300.jpg\" class=\"attachment-medium size-medium\" alt=\"\" srcset=\"https:\/\/sieuthivan.vn\/wp-content\/uploads\/2025\/01\/Heniken-300x300.jpg 300w, https:\/\/sieuthivan.vn\/wp-content\/uploads\/2025\/01\/Heniken-1024x1024.jpg 1024w, https:\/\/sieuthivan.vn\/wp-content\/uploads\/2025\/01\/Heniken-150x150.jpg 150w, https:\/\/sieuthivan.vn\/wp-content\/uploads\/2025\/01\/Heniken-768x768.jpg 768w, https:\/\/sieuthivan.vn\/wp-content\/uploads\/2025\/01\/Heniken-1536x1536.jpg 1536w, https:\/\/sieuthivan.vn\/wp-content\/uploads\/2025\/01\/Heniken-2048x2048.jpg 2048w, https:\/\/sieuthivan.vn\/wp-content\/uploads\/2025\/01\/Heniken-12x12.jpg 12w, https:\/\/sieuthivan.vn\/wp-content\/uploads\/2025\/01\/Heniken-247x247.jpg 247w, https:\/\/sieuthivan.vn\/wp-content\/uploads\/2025\/01\/Heniken-510x510.jpg 510w, https:\/\/sieuthivan.vn\/wp-content\/uploads\/2025\/01\/Heniken-100x100.jpg 100w\" sizes=\"auto, (max-width: 300px) 100vw, 300px\" \/>                                                <\/div>\n            <\/div>\n            <div class=\"box-text text-center is-large\" >\n                  <div class=\"box-text-inner\">\n                      <h6 class=\"uppercase portfolio-box-title\">D\u1ef1 \u00c1n Heineken<\/h6>\n                      <p class=\"uppercase portfolio-box-category is-xsmall op-6\">\n                        <span class=\"show-on-hover\">\n                                                 <\/span>\n                      <\/p>\n                  <\/div>\n            <\/div>\n           <\/div>\n           <\/a>\n           <\/div>\n           <\/div><div class=\"col\" data-terms=\"\" >\n          <div class=\"col-inner\" >\n          <a href=\"https:\/\/sieuthivan.vn\/en\/featured_item\/du-an-bia-sai-gon\/\" class=\"plain\">\n          <div class=\"portfolio-box box has-hover box-default\">\n            <div class=\"box-image\" >\n                <div class=\"image-zoom image-cover\" style=\"padding-top:100%;\">\n                <img loading=\"lazy\" decoding=\"async\" width=\"300\" height=\"300\" src=\"https:\/\/sieuthivan.vn\/wp-content\/uploads\/2025\/01\/Bia-sai-gon-300x300.jpg\" class=\"attachment-medium size-medium\" alt=\"\" srcset=\"https:\/\/sieuthivan.vn\/wp-content\/uploads\/2025\/01\/Bia-sai-gon-300x300.jpg 300w, https:\/\/sieuthivan.vn\/wp-content\/uploads\/2025\/01\/Bia-sai-gon-1024x1024.jpg 1024w, https:\/\/sieuthivan.vn\/wp-content\/uploads\/2025\/01\/Bia-sai-gon-150x150.jpg 150w, https:\/\/sieuthivan.vn\/wp-content\/uploads\/2025\/01\/Bia-sai-gon-768x768.jpg 768w, https:\/\/sieuthivan.vn\/wp-content\/uploads\/2025\/01\/Bia-sai-gon-1536x1536.jpg 1536w, https:\/\/sieuthivan.vn\/wp-content\/uploads\/2025\/01\/Bia-sai-gon-2048x2048.jpg 2048w, https:\/\/sieuthivan.vn\/wp-content\/uploads\/2025\/01\/Bia-sai-gon-12x12.jpg 12w, https:\/\/sieuthivan.vn\/wp-content\/uploads\/2025\/01\/Bia-sai-gon-247x247.jpg 247w, https:\/\/sieuthivan.vn\/wp-content\/uploads\/2025\/01\/Bia-sai-gon-510x510.jpg 510w, https:\/\/sieuthivan.vn\/wp-content\/uploads\/2025\/01\/Bia-sai-gon-100x100.jpg 100w\" sizes=\"auto, (max-width: 300px) 100vw, 300px\" \/>                                                <\/div>\n            <\/div>\n            <div class=\"box-text text-center is-large\" >\n                  <div class=\"box-text-inner\">\n                      <h6 class=\"uppercase portfolio-box-title\">D\u1ef1 \u00c1n Bia S\u00e0i G\u00f2n<\/h6>\n                      <p class=\"uppercase portfolio-box-category is-xsmall op-6\">\n                        <span class=\"show-on-hover\">\n                                                 <\/span>\n                      <\/p>\n                  <\/div>\n            <\/div>\n           <\/div>\n           <\/a>\n           <\/div>\n           <\/div><div class=\"col\" data-terms=\"\" >\n          <div class=\"col-inner\" >\n          <a href=\"https:\/\/sieuthivan.vn\/en\/featured_item\/du-an-5\/\" class=\"plain\">\n          <div class=\"portfolio-box box has-hover box-default\">\n            <div class=\"box-image\" >\n                <div class=\"image-zoom image-cover\" style=\"padding-top:100%;\">\n                <img loading=\"lazy\" decoding=\"async\" width=\"300\" height=\"300\" src=\"https:\/\/sieuthivan.vn\/wp-content\/uploads\/2025\/01\/Pepsi-300x300.jpg\" class=\"attachment-medium size-medium\" alt=\"\" srcset=\"https:\/\/sieuthivan.vn\/wp-content\/uploads\/2025\/01\/Pepsi-300x300.jpg 300w, https:\/\/sieuthivan.vn\/wp-content\/uploads\/2025\/01\/Pepsi-1024x1024.jpg 1024w, https:\/\/sieuthivan.vn\/wp-content\/uploads\/2025\/01\/Pepsi-150x150.jpg 150w, https:\/\/sieuthivan.vn\/wp-content\/uploads\/2025\/01\/Pepsi-768x768.jpg 768w, https:\/\/sieuthivan.vn\/wp-content\/uploads\/2025\/01\/Pepsi-1536x1536.jpg 1536w, https:\/\/sieuthivan.vn\/wp-content\/uploads\/2025\/01\/Pepsi-2048x2048.jpg 2048w, https:\/\/sieuthivan.vn\/wp-content\/uploads\/2025\/01\/Pepsi-12x12.jpg 12w, https:\/\/sieuthivan.vn\/wp-content\/uploads\/2025\/01\/Pepsi-247x247.jpg 247w, https:\/\/sieuthivan.vn\/wp-content\/uploads\/2025\/01\/Pepsi-510x510.jpg 510w, https:\/\/sieuthivan.vn\/wp-content\/uploads\/2025\/01\/Pepsi-100x100.jpg 100w\" sizes=\"auto, (max-width: 300px) 100vw, 300px\" \/>                                                <\/div>\n            <\/div>\n            <div class=\"box-text text-center is-large\" >\n                  <div class=\"box-text-inner\">\n                      <h6 class=\"uppercase portfolio-box-title\">D\u1ef1 \u00c1n Pepsi<\/h6>\n                      <p class=\"uppercase portfolio-box-category is-xsmall op-6\">\n                        <span class=\"show-on-hover\">\n                                                 <\/span>\n                      <\/p>\n                  <\/div>\n            <\/div>\n           <\/div>\n           <\/a>\n           <\/div>\n           <\/div><div class=\"col\" data-terms=\"\" >\n          <div class=\"col-inner\" >\n          <a href=\"https:\/\/sieuthivan.vn\/en\/featured_item\/du-an-mdf-chon-thanh-chon-thanh-binh-phuoc\/\" class=\"plain\">\n          <div class=\"portfolio-box box has-hover box-default\">\n            <div class=\"box-image\" >\n                <div class=\"image-zoom image-cover\" style=\"padding-top:100%;\">\n                <img loading=\"lazy\" decoding=\"async\" width=\"300\" height=\"300\" src=\"https:\/\/sieuthivan.vn\/wp-content\/uploads\/2025\/01\/MDF-Chon-Thanh-Chon-Thanh-Binh-Phuoc-300x300.jpg\" class=\"attachment-medium size-medium\" alt=\"\" srcset=\"https:\/\/sieuthivan.vn\/wp-content\/uploads\/2025\/01\/MDF-Chon-Thanh-Chon-Thanh-Binh-Phuoc-300x300.jpg 300w, https:\/\/sieuthivan.vn\/wp-content\/uploads\/2025\/01\/MDF-Chon-Thanh-Chon-Thanh-Binh-Phuoc-1024x1024.jpg 1024w, https:\/\/sieuthivan.vn\/wp-content\/uploads\/2025\/01\/MDF-Chon-Thanh-Chon-Thanh-Binh-Phuoc-150x150.jpg 150w, https:\/\/sieuthivan.vn\/wp-content\/uploads\/2025\/01\/MDF-Chon-Thanh-Chon-Thanh-Binh-Phuoc-768x768.jpg 768w, https:\/\/sieuthivan.vn\/wp-content\/uploads\/2025\/01\/MDF-Chon-Thanh-Chon-Thanh-Binh-Phuoc-1536x1536.jpg 1536w, https:\/\/sieuthivan.vn\/wp-content\/uploads\/2025\/01\/MDF-Chon-Thanh-Chon-Thanh-Binh-Phuoc-2048x2048.jpg 2048w, https:\/\/sieuthivan.vn\/wp-content\/uploads\/2025\/01\/MDF-Chon-Thanh-Chon-Thanh-Binh-Phuoc-12x12.jpg 12w, https:\/\/sieuthivan.vn\/wp-content\/uploads\/2025\/01\/MDF-Chon-Thanh-Chon-Thanh-Binh-Phuoc-247x247.jpg 247w, https:\/\/sieuthivan.vn\/wp-content\/uploads\/2025\/01\/MDF-Chon-Thanh-Chon-Thanh-Binh-Phuoc-510x510.jpg 510w, https:\/\/sieuthivan.vn\/wp-content\/uploads\/2025\/01\/MDF-Chon-Thanh-Chon-Thanh-Binh-Phuoc-100x100.jpg 100w\" sizes=\"auto, (max-width: 300px) 100vw, 300px\" \/>                                                <\/div>\n            <\/div>\n            <div class=\"box-text text-center is-large\" >\n                  <div class=\"box-text-inner\">\n                      <h6 class=\"uppercase portfolio-box-title\">D\u1ef1 \u00e1n MDF Ch\u01a1n Th\u00e0nh, Ch\u01a1n Th\u00e0nh, B\u00ecnh Ph\u01b0\u1edbc<\/h6>\n                      <p class=\"uppercase portfolio-box-category is-xsmall op-6\">\n                        <span class=\"show-on-hover\">\n                                                 <\/span>\n                      <\/p>\n                  <\/div>\n            <\/div>\n           <\/div>\n           <\/a>\n           <\/div>\n           <\/div><div class=\"col\" data-terms=\"\" >\n          <div class=\"col-inner\" >\n          <a href=\"https:\/\/sieuthivan.vn\/en\/featured_item\/du-an-7\/\" class=\"plain\">\n          <div class=\"portfolio-box box has-hover box-default\">\n            <div class=\"box-image\" >\n                <div class=\"image-zoom image-cover\" style=\"padding-top:100%;\">\n                <img loading=\"lazy\" decoding=\"async\" width=\"300\" height=\"300\" src=\"https:\/\/sieuthivan.vn\/wp-content\/uploads\/2025\/01\/Danapha-300x300.jpg\" class=\"attachment-medium size-medium\" alt=\"\" srcset=\"https:\/\/sieuthivan.vn\/wp-content\/uploads\/2025\/01\/Danapha-300x300.jpg 300w, https:\/\/sieuthivan.vn\/wp-content\/uploads\/2025\/01\/Danapha-1024x1024.jpg 1024w, https:\/\/sieuthivan.vn\/wp-content\/uploads\/2025\/01\/Danapha-150x150.jpg 150w, https:\/\/sieuthivan.vn\/wp-content\/uploads\/2025\/01\/Danapha-768x768.jpg 768w, https:\/\/sieuthivan.vn\/wp-content\/uploads\/2025\/01\/Danapha-1536x1536.jpg 1536w, https:\/\/sieuthivan.vn\/wp-content\/uploads\/2025\/01\/Danapha-2048x2048.jpg 2048w, https:\/\/sieuthivan.vn\/wp-content\/uploads\/2025\/01\/Danapha-12x12.jpg 12w, https:\/\/sieuthivan.vn\/wp-content\/uploads\/2025\/01\/Danapha-247x247.jpg 247w, https:\/\/sieuthivan.vn\/wp-content\/uploads\/2025\/01\/Danapha-510x510.jpg 510w, https:\/\/sieuthivan.vn\/wp-content\/uploads\/2025\/01\/Danapha-100x100.jpg 100w\" sizes=\"auto, (max-width: 300px) 100vw, 300px\" \/>                                                <\/div>\n            <\/div>\n            <div class=\"box-text text-center is-large\" >\n                  <div class=\"box-text-inner\">\n                      <h6 class=\"uppercase portfolio-box-title\">D\u1ef1 \u00c1n Danapha<\/h6>\n                      <p class=\"uppercase portfolio-box-category is-xsmall op-6\">\n                        <span class=\"show-on-hover\">\n                                                 <\/span>\n                      <\/p>\n                  <\/div>\n            <\/div>\n           <\/div>\n           <\/a>\n           <\/div>\n           <\/div><div class=\"col\" data-terms=\"\" >\n          <div class=\"col-inner\" >\n          <a href=\"https:\/\/sieuthivan.vn\/en\/featured_item\/du-an-caosumina\/\" class=\"plain\">\n          <div class=\"portfolio-box box has-hover box-default\">\n            <div class=\"box-image\" >\n                <div class=\"image-zoom image-cover\" style=\"padding-top:100%;\">\n                <img loading=\"lazy\" decoding=\"async\" width=\"300\" height=\"300\" src=\"https:\/\/sieuthivan.vn\/wp-content\/uploads\/2025\/01\/caosumina-300x300.jpg\" class=\"attachment-medium size-medium\" alt=\"\" srcset=\"https:\/\/sieuthivan.vn\/wp-content\/uploads\/2025\/01\/caosumina-300x300.jpg 300w, https:\/\/sieuthivan.vn\/wp-content\/uploads\/2025\/01\/caosumina-1024x1024.jpg 1024w, https:\/\/sieuthivan.vn\/wp-content\/uploads\/2025\/01\/caosumina-150x150.jpg 150w, https:\/\/sieuthivan.vn\/wp-content\/uploads\/2025\/01\/caosumina-768x768.jpg 768w, https:\/\/sieuthivan.vn\/wp-content\/uploads\/2025\/01\/caosumina-1536x1536.jpg 1536w, https:\/\/sieuthivan.vn\/wp-content\/uploads\/2025\/01\/caosumina-2048x2048.jpg 2048w, https:\/\/sieuthivan.vn\/wp-content\/uploads\/2025\/01\/caosumina-12x12.jpg 12w, https:\/\/sieuthivan.vn\/wp-content\/uploads\/2025\/01\/caosumina-247x247.jpg 247w, https:\/\/sieuthivan.vn\/wp-content\/uploads\/2025\/01\/caosumina-510x510.jpg 510w, https:\/\/sieuthivan.vn\/wp-content\/uploads\/2025\/01\/caosumina-100x100.jpg 100w\" sizes=\"auto, (max-width: 300px) 100vw, 300px\" \/>                                                <\/div>\n            <\/div>\n            <div class=\"box-text text-center is-large\" >\n                  <div class=\"box-text-inner\">\n                      <h6 class=\"uppercase portfolio-box-title\">D\u1ef1 \u00e1n CAOSUMINA<\/h6>\n                      <p class=\"uppercase portfolio-box-category is-xsmall op-6\">\n                        <span class=\"show-on-hover\">\n                                                 <\/span>\n                      <\/p>\n                  <\/div>\n            <\/div>\n           <\/div>\n           <\/a>\n           <\/div>\n           <\/div><\/div><\/div>\n\t\t<\/div>\n\t\t\t\t\t<\/div>\n\n\t\n<\/div>","protected":false},"excerpt":{"rendered":"","protected":false},"author":1,"featured_media":0,"parent":0,"menu_order":0,"comment_status":"closed","ping_status":"closed","template":"page-blank.php","meta":{"_acf_changed":false,"inline_featured_image":false,"footnotes":""},"class_list":["post-524","page","type-page","status-publish","hentry"],"acf":[],"_links":{"self":[{"href":"https:\/\/sieuthivan.vn\/en\/wp-json\/wp\/v2\/pages\/524","targetHints":{"allow":["GET"]}}],"collection":[{"href":"https:\/\/sieuthivan.vn\/en\/wp-json\/wp\/v2\/pages"}],"about":[{"href":"https:\/\/sieuthivan.vn\/en\/wp-json\/wp\/v2\/types\/page"}],"author":[{"embeddable":true,"href":"https:\/\/sieuthivan.vn\/en\/wp-json\/wp\/v2\/users\/1"}],"replies":[{"embeddable":true,"href":"https:\/\/sieuthivan.vn\/en\/wp-json\/wp\/v2\/comments?post=524"}],"version-history":[{"count":18,"href":"https:\/\/sieuthivan.vn\/en\/wp-json\/wp\/v2\/pages\/524\/revisions"}],"predecessor-version":[{"id":2009,"href":"https:\/\/sieuthivan.vn\/en\/wp-json\/wp\/v2\/pages\/524\/revisions\/2009"}],"wp:attachment":[{"href":"https:\/\/sieuthivan.vn\/en\/wp-json\/wp\/v2\/media?parent=524"}],"curies":[{"name":"wp","href":"https:\/\/api.w.org\/{rel}","templated":true}]}}