{"id":131,"date":"2024-12-16T14:36:21","date_gmt":"2024-12-16T07:36:21","guid":{"rendered":"https:\/\/sieuthivan.123websitedev.com\/?page_id=131"},"modified":"2025-02-28T10:20:29","modified_gmt":"2025-02-28T03:20:29","slug":"gioi-thieu","status":"publish","type":"page","link":"https:\/\/sieuthivan.vn\/en\/gioi-thieu\/","title":{"rendered":"About us"},"content":{"rendered":"<div class=\"slider-wrapper relative\" id=\"slider-863616403\" >\n    <div class=\"slider slider-nav-circle slider-nav-large slider-nav-light slider-style-normal\"\n        data-flickity-options='{            \"cellAlign\": \"center\",            \"imagesLoaded\": true,            \"lazyLoad\": 1,            \"freeScroll\": false,            \"wrapAround\": true,            \"autoPlay\": 6000,            \"pauseAutoPlayOnHover\" : true,            \"prevNextButtons\": true,            \"contain\" : true,            \"adaptiveHeight\" : true,            \"dragThreshold\" : 10,            \"percentPosition\": true,            \"pageDots\": true,            \"rightToLeft\": false,            \"draggable\": true,            \"selectedAttraction\": 0.1,            \"parallax\" : 0,            \"friction\": 0.6        }'\n        >\n        \n\t<div class=\"img has-hover x md-x lg-x y md-y lg-y\" id=\"image_1016901285\">\n\t\t\t\t\t\t\t\t<div class=\"img-inner image-cover dark\" style=\"padding-top:33%;\">\n\t\t\t<img loading=\"lazy\" decoding=\"async\" width=\"1600\" height=\"900\" src=\"https:\/\/sieuthivan.vn\/wp-content\/uploads\/2025\/01\/gioi-thieu-chung.jpg\" class=\"attachment-original size-original\" alt=\"\" srcset=\"https:\/\/sieuthivan.vn\/wp-content\/uploads\/2025\/01\/gioi-thieu-chung.jpg 1600w, https:\/\/sieuthivan.vn\/wp-content\/uploads\/2025\/01\/gioi-thieu-chung-247x139.jpg 247w, https:\/\/sieuthivan.vn\/wp-content\/uploads\/2025\/01\/gioi-thieu-chung-510x287.jpg 510w, https:\/\/sieuthivan.vn\/wp-content\/uploads\/2025\/01\/gioi-thieu-chung-300x169.jpg 300w, https:\/\/sieuthivan.vn\/wp-content\/uploads\/2025\/01\/gioi-thieu-chung-1024x576.jpg 1024w, https:\/\/sieuthivan.vn\/wp-content\/uploads\/2025\/01\/gioi-thieu-chung-768x432.jpg 768w, https:\/\/sieuthivan.vn\/wp-content\/uploads\/2025\/01\/gioi-thieu-chung-1536x864.jpg 1536w, https:\/\/sieuthivan.vn\/wp-content\/uploads\/2025\/01\/gioi-thieu-chung-18x10.jpg 18w\" sizes=\"auto, (max-width: 1600px) 100vw, 1600px\" \/>\t\t\t\t\t\t\n\t\t\t\t\t<\/div>\n\t\t\t\t\t\t\t\t\n<style>\n#image_1016901285 {\n  width: 100%;\n}\n<\/style>\n\t<\/div>\n\t\n     <\/div>\n\n     <div class=\"loading-spin dark large centered\"><\/div>\n\n\t<\/div>\n\n\n\t<div id=\"gap-625049562\" class=\"gap-element clearfix\" style=\"display:block; height:auto;\">\n\t\t\n<style>\n#gap-625049562 {\n  padding-top: 50px;\n}\n<\/style>\n\t<\/div>\n\t\n<div class=\"row\"  id=\"row-1961817484\">\n\n\t<div id=\"col-507121977\" class=\"col small-12 large-12\"  >\n\t\t\t\t<div class=\"col-inner\"  >\n\t\t\t\n\t\t\t\n<div class=\"row\"  id=\"row-1393215854\">\n\n\t<div id=\"col-50066511\" class=\"col medium-6 small-12 large-6\"  >\n\t\t\t\t<div class=\"col-inner\"  >\n\t\t\t\n\t\t\t\n\t<div class=\"img has-hover x md-x lg-x y md-y lg-y\" id=\"image_1289132480\">\n\t\t\t\t\t\t\t\t<div class=\"img-inner dark\" >\n\t\t\t<img loading=\"lazy\" decoding=\"async\" width=\"1020\" height=\"574\" src=\"https:\/\/sieuthivan.vn\/wp-content\/uploads\/2025\/01\/sieuthivan-1024x576.jpg\" class=\"attachment-large size-large\" alt=\"\" srcset=\"https:\/\/sieuthivan.vn\/wp-content\/uploads\/2025\/01\/sieuthivan-1024x576.jpg 1024w, https:\/\/sieuthivan.vn\/wp-content\/uploads\/2025\/01\/sieuthivan-247x139.jpg 247w, https:\/\/sieuthivan.vn\/wp-content\/uploads\/2025\/01\/sieuthivan-510x287.jpg 510w, https:\/\/sieuthivan.vn\/wp-content\/uploads\/2025\/01\/sieuthivan-300x169.jpg 300w, https:\/\/sieuthivan.vn\/wp-content\/uploads\/2025\/01\/sieuthivan-768x432.jpg 768w, https:\/\/sieuthivan.vn\/wp-content\/uploads\/2025\/01\/sieuthivan-1536x864.jpg 1536w, https:\/\/sieuthivan.vn\/wp-content\/uploads\/2025\/01\/sieuthivan-18x10.jpg 18w, https:\/\/sieuthivan.vn\/wp-content\/uploads\/2025\/01\/sieuthivan.jpg 1600w\" sizes=\"auto, (max-width: 1020px) 100vw, 1020px\" \/>\t\t\t\t\t\t\n\t\t\t\t\t<\/div>\n\t\t\t\t\t\t\t\t\n<style>\n#image_1289132480 {\n  width: 100%;\n}\n<\/style>\n\t<\/div>\n\t\n\t\t<\/div>\n\t\t\t\t\t<\/div>\n\n\t\n\n\t<div id=\"col-2105544220\" class=\"col medium-6 small-12 large-6\"  >\n\t\t\t\t<div class=\"col-inner\"  >\n\t\t\t\n\t\t\t\n<h2 style=\"text-align: justify;\"><strong>sieuthivan.vn<\/strong><\/h2>\n<p style=\"text-align: justify;\">L\u00e0 \u0111\u01a1n v\u1ecb chuy\u00ean cung c\u1ea5p c\u00e1c s\u1ea3n ph\u1ea9m <span style=\"color: #282828;\">Valves<\/span>, thi\u1ebft b\u1ecb h\u01a1i n\u01b0\u1edbc h\u00e0ng \u0111\u1ea7u th\u1ebf gi\u1edbi. Ch\u00fang t\u00f4i l\u00e0 \u0111\u1ed1i t\u00e1c chi\u1ebfn l\u01b0\u1ee3c c\u1ee7a nh\u1eefng th\u01b0\u01a1ng hi\u1ec7u l\u1edbn trong ng\u00e0nh nh\u01b0: Ayvaz, Metertalk, Klinger, KSB,Ari,&#8230;\u1ede sieuthivan.vn ch\u00fang t\u00f4i cung c\u1ea5p \u0111\u1ea7y \u0111\u1ee7 c\u00e1c lo\u1ea1i thi\u1ebft b\u1ecb Valve, thi\u1ebft b\u1ecb h\u01a1i n\u01b0\u1edbc kh\u00e1c nhau v\u1edbi t\u1eebng m\u1eabu m\u00e3 nh\u00e3n hi\u1ec7u c\u00e1c nhau, thu\u1eadn ti\u1ec7n cho vi\u1ec7c l\u1ef1a ch\u1ecdn c\u1ee7a kh\u00e1ch h\u00e0ng. Khi mua s\u1ea3n ph\u1ea9m kh\u00e1ch h\u00e0ng s\u1ebd \u0111\u01b0\u1ee3c \u0111\u1ed9i ng\u0169 nh\u00e2n vi\u00ean t\u01b0 v\u1ea5n m\u1ed9t c\u00e1ch chu \u0111\u00e1o nh\u1eb1m gi\u00fap kh\u00e1ch h\u00e0ng ch\u1ecdn l\u1ef1a m\u1ed9t c\u00e1ch t\u1ed1t nh\u1ea5t ph\u00f9 h\u1ee3p nh\u1ea5t cho nhu c\u1ea7u m\u00e0 kh\u00e1ch h\u00e0ng mong mu\u1ed1n.<\/p>\n\t\t<\/div>\n\t\t\t\t\t<\/div>\n\n\t\n<\/div>\n<div class=\"row\"  id=\"row-531255038\">\n\n\t<div id=\"col-363644903\" class=\"col medium-6 small-12 large-6\"  >\n\t\t\t\t<div class=\"col-inner\"  >\n\t\t\t\n\t\t\t\n<h2 style=\"text-align: justify;\"><strong>H\u1ed7 tr\u1ee3 l\u1eafp \u0111\u1eb7t thi\u1ebft b\u1ecb<\/strong><\/h2>\n<p style=\"text-align: justify;\">\u0110\u1ec3 ph\u1ee5c v\u1ee5 kh\u00e1ch h\u00e0ng m\u1ed9t c\u00e1ch t\u1ed1t nh\u1ea5t sieuthivan.vn c\u00f2n h\u1ed7 tr\u1ee3, t\u01b0 v\u1ea5n kh\u00e1ch h\u00e0ng l\u1eafp \u0111\u1eb7t thi\u1ebft b\u1ecb t\u1eeb xa v\u00e0 ngo\u00e0i ra c\u00f2n h\u1ed7 tr\u1ee3 l\u1eafp \u0111\u1eb7t thi\u1ebft b\u1ecb cho kh\u00e1ch h\u00e0ng t\u1eadn n\u01a1i, nh\u1eb1m mang l\u1ea1i cho kh\u00e1ch h\u00e0ng m\u1ed9t tr\u1ea3i nghi\u1ec7m mua s\u1eafm t\u1ed1t nh\u1ea5t,&#8230;.<\/p>\n<a href=\"https:\/\/sieuthivan.vn\/en\/product\/\" class=\"button primary\"  >\n\t\t<span>Mua H\u00e0ng<\/span>\n\t<\/a>\n\n\t\t<\/div>\n\t\t\t\t\t<\/div>\n\n\t\n\n\t<div id=\"col-1736881627\" class=\"col medium-6 small-12 large-6\"  >\n\t\t\t\t<div class=\"col-inner\"  >\n\t\t\t\n\t\t\t\n<div class=\"video video-fit mb\" style=\"padding-top:50%;\"><p><iframe loading=\"lazy\" title=\"video ho tro lap dat thiet bi\" width=\"1020\" height=\"574\" src=\"https:\/\/www.youtube.com\/embed\/ev7yi-Nhn0s?feature=oembed\" frameborder=\"0\" allow=\"accelerometer; autoplay; clipboard-write; encrypted-media; gyroscope; picture-in-picture; web-share\" referrerpolicy=\"strict-origin-when-cross-origin\" allowfullscreen><\/iframe><\/p>\n<\/div>\n\t\t<\/div>\n\t\t\t\t\t<\/div>\n\n\t\n<\/div>\n<div class=\"row\"  id=\"row-1087541671\">\n\n\t<div id=\"col-223294477\" class=\"col small-12 large-12\"  >\n\t\t\t\t<div class=\"col-inner\"  >\n\t\t\t\n\t\t\t\n<h2 style=\"text-align: justify;\"><strong>\u0110\u1ed9i ng\u0169 nh\u00e2n s\u1ef1<\/strong><\/h2>\n\t\t<\/div>\n\t\t\t\t\t<\/div>\n\n\t\n\n\t<div id=\"col-657844271\" class=\"col medium-3 small-6 large-3\"  >\n\t\t\t\t<div class=\"col-inner\"  >\n\t\t\t\n\t\t\t\n\t<div class=\"box has-hover   has-hover box-text-bottom\" >\n\n\t\t<div class=\"box-image\" style=\"width:80%;\">\n\t\t\t\t\t\t<div class=\"\" >\n\t\t\t\t<img loading=\"lazy\" decoding=\"async\" width=\"223\" height=\"223\" src=\"https:\/\/sieuthivan.vn\/wp-content\/uploads\/2025\/01\/solution-1-3.png\" class=\"attachment- size-\" alt=\"\" srcset=\"https:\/\/sieuthivan.vn\/wp-content\/uploads\/2025\/01\/solution-1-3.png 223w, https:\/\/sieuthivan.vn\/wp-content\/uploads\/2025\/01\/solution-1-3-100x100.png 100w, https:\/\/sieuthivan.vn\/wp-content\/uploads\/2025\/01\/solution-1-3-150x150.png 150w, https:\/\/sieuthivan.vn\/wp-content\/uploads\/2025\/01\/solution-1-3-12x12.png 12w\" sizes=\"auto, (max-width: 223px) 100vw, 223px\" \/>\t\t\t\t\t\t\t\t\t\t\t<\/div>\n\t\t\t\t\t<\/div>\n\n\t\t<div class=\"box-text text-center\" >\n\t\t\t<div class=\"box-text-inner\">\n\t\t\t\t\n<h4>Nh\u00e2n s\u1ef1<\/h4>\n<p>Ch\u1ee9c v\u1ee5<\/p>\n\t\t\t<\/div>\n\t\t<\/div>\n\t<\/div>\n\t\n\t\t<\/div>\n\t\t\t\t\t<\/div>\n\n\t\n\n\t<div id=\"col-388465441\" class=\"col medium-3 small-6 large-3\"  >\n\t\t\t\t<div class=\"col-inner\"  >\n\t\t\t\n\t\t\t\n\t<div class=\"box has-hover   has-hover box-text-bottom\" >\n\n\t\t<div class=\"box-image\" style=\"width:80%;\">\n\t\t\t\t\t\t<div class=\"\" >\n\t\t\t\t<img loading=\"lazy\" decoding=\"async\" width=\"223\" height=\"223\" src=\"https:\/\/sieuthivan.vn\/wp-content\/uploads\/2025\/01\/solution-1-4.png\" class=\"attachment- size-\" alt=\"\" srcset=\"https:\/\/sieuthivan.vn\/wp-content\/uploads\/2025\/01\/solution-1-4.png 223w, https:\/\/sieuthivan.vn\/wp-content\/uploads\/2025\/01\/solution-1-4-100x100.png 100w, https:\/\/sieuthivan.vn\/wp-content\/uploads\/2025\/01\/solution-1-4-150x150.png 150w, https:\/\/sieuthivan.vn\/wp-content\/uploads\/2025\/01\/solution-1-4-12x12.png 12w\" sizes=\"auto, (max-width: 223px) 100vw, 223px\" \/>\t\t\t\t\t\t\t\t\t\t\t<\/div>\n\t\t\t\t\t<\/div>\n\n\t\t<div class=\"box-text text-center\" >\n\t\t\t<div class=\"box-text-inner\">\n\t\t\t\t\n<h4>Nh\u00e2n s\u1ef1<\/h4>\n<p>Ch\u1ee9c v\u1ee5<\/p>\n\t\t\t<\/div>\n\t\t<\/div>\n\t<\/div>\n\t\n\t\t<\/div>\n\t\t\t\t\t<\/div>\n\n\t\n\n\t<div id=\"col-825998019\" class=\"col medium-3 small-6 large-3\"  >\n\t\t\t\t<div class=\"col-inner\"  >\n\t\t\t\n\t\t\t\n\t<div class=\"box has-hover   has-hover box-text-bottom\" >\n\n\t\t<div class=\"box-image\" style=\"width:80%;\">\n\t\t\t\t\t\t<div class=\"\" >\n\t\t\t\t<img loading=\"lazy\" decoding=\"async\" width=\"223\" height=\"223\" src=\"https:\/\/sieuthivan.vn\/wp-content\/uploads\/2025\/01\/solution-1-1.png\" class=\"attachment- size-\" alt=\"\" srcset=\"https:\/\/sieuthivan.vn\/wp-content\/uploads\/2025\/01\/solution-1-1.png 223w, https:\/\/sieuthivan.vn\/wp-content\/uploads\/2025\/01\/solution-1-1-100x100.png 100w, https:\/\/sieuthivan.vn\/wp-content\/uploads\/2025\/01\/solution-1-1-150x150.png 150w, https:\/\/sieuthivan.vn\/wp-content\/uploads\/2025\/01\/solution-1-1-12x12.png 12w\" sizes=\"auto, (max-width: 223px) 100vw, 223px\" \/>\t\t\t\t\t\t\t\t\t\t\t<\/div>\n\t\t\t\t\t<\/div>\n\n\t\t<div class=\"box-text text-center\" >\n\t\t\t<div class=\"box-text-inner\">\n\t\t\t\t\n<h4>Nh\u00e2n s\u1ef1<\/h4>\n<p>Ch\u1ee9c v\u1ee5<\/p>\n\t\t\t<\/div>\n\t\t<\/div>\n\t<\/div>\n\t\n\t\t<\/div>\n\t\t\t\t\t<\/div>\n\n\t\n\n\t<div id=\"col-2137817168\" class=\"col medium-3 small-6 large-3\"  >\n\t\t\t\t<div class=\"col-inner\"  >\n\t\t\t\n\t\t\t\n\t<div class=\"box has-hover   has-hover box-text-bottom\" >\n\n\t\t<div class=\"box-image\" style=\"width:80%;\">\n\t\t\t\t\t\t<div class=\"\" >\n\t\t\t\t<img loading=\"lazy\" decoding=\"async\" width=\"223\" height=\"223\" src=\"https:\/\/sieuthivan.vn\/wp-content\/uploads\/2025\/01\/solution-1-5.png\" class=\"attachment- size-\" alt=\"\" srcset=\"https:\/\/sieuthivan.vn\/wp-content\/uploads\/2025\/01\/solution-1-5.png 223w, https:\/\/sieuthivan.vn\/wp-content\/uploads\/2025\/01\/solution-1-5-100x100.png 100w, https:\/\/sieuthivan.vn\/wp-content\/uploads\/2025\/01\/solution-1-5-150x150.png 150w, https:\/\/sieuthivan.vn\/wp-content\/uploads\/2025\/01\/solution-1-5-12x12.png 12w\" sizes=\"auto, (max-width: 223px) 100vw, 223px\" \/>\t\t\t\t\t\t\t\t\t\t\t<\/div>\n\t\t\t\t\t<\/div>\n\n\t\t<div class=\"box-text text-center\" >\n\t\t\t<div class=\"box-text-inner\">\n\t\t\t\t\n<h4>Nh\u00e2n s\u1ef1<\/h4>\n<p>Ch\u1ee9c v\u1ee5<\/p>\n\t\t\t<\/div>\n\t\t<\/div>\n\t<\/div>\n\t\n\t\t<\/div>\n\t\t\t\t\t<\/div>\n\n\t\n<\/div>\n<div class=\"row\"  id=\"row-1069044092\">\n\n\t<div id=\"col-565936924\" class=\"col small-12 large-12\"  >\n\t\t\t\t<div class=\"col-inner\"  >\n\t\t\t\n\t\t\t\n<h2 style=\"text-align: justify;\"><strong>C\u00e1c con s\u1ed1 \u1ea5n t\u01b0\u1ee3ng<\/strong><\/h2>\n<div class=\"row\"  id=\"row-1531179319\">\n\n\t<div id=\"col-451369737\" class=\"col medium-3 small-6 large-3\"  >\n\t\t\t\t<div class=\"col-inner\"  >\n\t\t\t\n\t\t\t\n\n\t\t<div class=\"icon-box featured-box icon-box-left text-left\"  >\n\t\t\t\t\t<div class=\"icon-box-img\" style=\"width: 60px\">\n\t\t\t\t<div class=\"icon\">\n\t\t\t\t\t<div class=\"icon-inner\" >\n\t\t\t\t\t\t<img loading=\"lazy\" decoding=\"async\" width=\"256\" height=\"256\" src=\"https:\/\/sieuthivan.vn\/wp-content\/uploads\/2025\/01\/costumer.png\" class=\"attachment-medium size-medium\" alt=\"\" srcset=\"https:\/\/sieuthivan.vn\/wp-content\/uploads\/2025\/01\/costumer.png 256w, https:\/\/sieuthivan.vn\/wp-content\/uploads\/2025\/01\/costumer-247x247.png 247w, https:\/\/sieuthivan.vn\/wp-content\/uploads\/2025\/01\/costumer-100x100.png 100w, https:\/\/sieuthivan.vn\/wp-content\/uploads\/2025\/01\/costumer-150x150.png 150w, https:\/\/sieuthivan.vn\/wp-content\/uploads\/2025\/01\/costumer-12x12.png 12w\" sizes=\"auto, (max-width: 256px) 100vw, 256px\" \/>\t\t\t\t\t<\/div>\n\t\t\t\t<\/div>\n\t\t\t<\/div>\n\t\t\t\t<div class=\"icon-box-text last-reset\">\n\t\t\t\t\t\t\t\t\t\n<h3><span class=\"count-up\">14000<\/span>+<\/h3>\n<p>Kh\u00e1ch h\u00e0ng<\/p>\n\t\t<\/div>\n\t<\/div>\n\t\n\t\n\t\t<\/div>\n\t\t\t\t\t<\/div>\n\n\t\n\n\t<div id=\"col-521266629\" class=\"col medium-3 small-6 large-3\"  >\n\t\t\t\t<div class=\"col-inner\"  >\n\t\t\t\n\t\t\t\n\n\t\t<div class=\"icon-box featured-box icon-box-left text-left\"  >\n\t\t\t\t\t<div class=\"icon-box-img\" style=\"width: 60px\">\n\t\t\t\t<div class=\"icon\">\n\t\t\t\t\t<div class=\"icon-inner\" >\n\t\t\t\t\t\t<img loading=\"lazy\" decoding=\"async\" width=\"256\" height=\"256\" src=\"https:\/\/sieuthivan.vn\/wp-content\/uploads\/2025\/01\/globe.png\" class=\"attachment-medium size-medium\" alt=\"\" srcset=\"https:\/\/sieuthivan.vn\/wp-content\/uploads\/2025\/01\/globe.png 256w, https:\/\/sieuthivan.vn\/wp-content\/uploads\/2025\/01\/globe-247x247.png 247w, https:\/\/sieuthivan.vn\/wp-content\/uploads\/2025\/01\/globe-100x100.png 100w, https:\/\/sieuthivan.vn\/wp-content\/uploads\/2025\/01\/globe-150x150.png 150w, https:\/\/sieuthivan.vn\/wp-content\/uploads\/2025\/01\/globe-12x12.png 12w\" sizes=\"auto, (max-width: 256px) 100vw, 256px\" \/>\t\t\t\t\t<\/div>\n\t\t\t\t<\/div>\n\t\t\t<\/div>\n\t\t\t\t<div class=\"icon-box-text last-reset\">\n\t\t\t\t\t\t\t\t\t\n<h3><span class=\"count-up\">63<\/span>+<\/h3>\n<p>T\u1ec9nh th\u00e0nh<\/p>\n\t\t<\/div>\n\t<\/div>\n\t\n\t\n\t\t<\/div>\n\t\t\t\t\t<\/div>\n\n\t\n\n\t<div id=\"col-666704842\" class=\"col medium-3 small-6 large-3\"  >\n\t\t\t\t<div class=\"col-inner\"  >\n\t\t\t\n\t\t\t\n\n\t\t<div class=\"icon-box featured-box icon-box-left text-left\"  >\n\t\t\t\t\t<div class=\"icon-box-img\" style=\"width: 60px\">\n\t\t\t\t<div class=\"icon\">\n\t\t\t\t\t<div class=\"icon-inner\" >\n\t\t\t\t\t\t<img loading=\"lazy\" decoding=\"async\" width=\"256\" height=\"256\" src=\"https:\/\/sieuthivan.vn\/wp-content\/uploads\/2025\/01\/industry.png\" class=\"attachment-medium size-medium\" alt=\"\" srcset=\"https:\/\/sieuthivan.vn\/wp-content\/uploads\/2025\/01\/industry.png 256w, https:\/\/sieuthivan.vn\/wp-content\/uploads\/2025\/01\/industry-247x247.png 247w, https:\/\/sieuthivan.vn\/wp-content\/uploads\/2025\/01\/industry-100x100.png 100w, https:\/\/sieuthivan.vn\/wp-content\/uploads\/2025\/01\/industry-150x150.png 150w, https:\/\/sieuthivan.vn\/wp-content\/uploads\/2025\/01\/industry-12x12.png 12w\" sizes=\"auto, (max-width: 256px) 100vw, 256px\" \/>\t\t\t\t\t<\/div>\n\t\t\t\t<\/div>\n\t\t\t<\/div>\n\t\t\t\t<div class=\"icon-box-text last-reset\">\n\t\t\t\t\t\t\t\t\t\n<h3><span class=\"count-up\">12<\/span><\/h3>\n<p>N\u0103m kinh nghi\u1ec7m<\/p>\n\t\t<\/div>\n\t<\/div>\n\t\n\t\n\t\t<\/div>\n\t\t\t\t\t<\/div>\n\n\t\n\n\t<div id=\"col-1762702989\" class=\"col medium-3 small-6 large-3\"  >\n\t\t\t\t<div class=\"col-inner\"  >\n\t\t\t\n\t\t\t\n\n\t\t<div class=\"icon-box featured-box icon-box-left text-left\"  >\n\t\t\t\t\t<div class=\"icon-box-img\" style=\"width: 60px\">\n\t\t\t\t<div class=\"icon\">\n\t\t\t\t\t<div class=\"icon-inner\" >\n\t\t\t\t\t\t<img loading=\"lazy\" decoding=\"async\" width=\"256\" height=\"256\" src=\"https:\/\/sieuthivan.vn\/wp-content\/uploads\/2025\/01\/pipe.png\" class=\"attachment-medium size-medium\" alt=\"\" srcset=\"https:\/\/sieuthivan.vn\/wp-content\/uploads\/2025\/01\/pipe.png 256w, https:\/\/sieuthivan.vn\/wp-content\/uploads\/2025\/01\/pipe-247x247.png 247w, https:\/\/sieuthivan.vn\/wp-content\/uploads\/2025\/01\/pipe-100x100.png 100w, https:\/\/sieuthivan.vn\/wp-content\/uploads\/2025\/01\/pipe-150x150.png 150w, https:\/\/sieuthivan.vn\/wp-content\/uploads\/2025\/01\/pipe-12x12.png 12w\" sizes=\"auto, (max-width: 256px) 100vw, 256px\" \/>\t\t\t\t\t<\/div>\n\t\t\t\t<\/div>\n\t\t\t<\/div>\n\t\t\t\t<div class=\"icon-box-text last-reset\">\n\t\t\t\t\t\t\t\t\t\n<h3><span class=\"count-up\">100<\/span>tr+<\/h3>\n<p>S\u1ea3n ph\u1ea9m b\u00e1n ra<\/p>\n\t\t<\/div>\n\t<\/div>\n\t\n\t\n\t\t<\/div>\n\t\t\t\t\t<\/div>\n\n\t\n<\/div>\n\t\t<\/div>\n\t\t\t\t\t<\/div>\n\n\t\n<\/div>\n\t\t<\/div>\n\t\t\t\t\t<\/div>\n\n\t\n<\/div>","protected":false},"excerpt":{"rendered":"","protected":false},"author":1,"featured_media":0,"parent":0,"menu_order":0,"comment_status":"closed","ping_status":"closed","template":"page-blank.php","meta":{"_acf_changed":false,"inline_featured_image":false,"footnotes":""},"class_list":["post-131","page","type-page","status-publish","hentry"],"acf":[],"_links":{"self":[{"href":"https:\/\/sieuthivan.vn\/en\/wp-json\/wp\/v2\/pages\/131","targetHints":{"allow":["GET"]}}],"collection":[{"href":"https:\/\/sieuthivan.vn\/en\/wp-json\/wp\/v2\/pages"}],"about":[{"href":"https:\/\/sieuthivan.vn\/en\/wp-json\/wp\/v2\/types\/page"}],"author":[{"embeddable":true,"href":"https:\/\/sieuthivan.vn\/en\/wp-json\/wp\/v2\/users\/1"}],"replies":[{"embeddable":true,"href":"https:\/\/sieuthivan.vn\/en\/wp-json\/wp\/v2\/comments?post=131"}],"version-history":[{"count":32,"href":"https:\/\/sieuthivan.vn\/en\/wp-json\/wp\/v2\/pages\/131\/revisions"}],"predecessor-version":[{"id":1135,"href":"https:\/\/sieuthivan.vn\/en\/wp-json\/wp\/v2\/pages\/131\/revisions\/1135"}],"wp:attachment":[{"href":"https:\/\/sieuthivan.vn\/en\/wp-json\/wp\/v2\/media?parent=131"}],"curies":[{"name":"wp","href":"https:\/\/api.w.org\/{rel}","templated":true}]}}